{"id":2683,"date":"2025-01-12T12:12:50","date_gmt":"2025-01-12T12:12:50","guid":{"rendered":"https:\/\/motovitalex.md\/?post_type=product&#038;p=2683"},"modified":"2025-01-12T12:12:50","modified_gmt":"2025-01-12T12:12:50","slug":"arbore-cotit-rulmenti-cg150-200","status":"publish","type":"product","link":"https:\/\/motovitalex.md\/ru\/product\/arbore-cotit-rulmenti-cg150-200\/","title":{"rendered":"Arbore cotit + rulmenti &#8211; CG150\/200"},"content":{"rendered":"<p>Arborele cotit cu rulmenti (63\/28RS * 2buc)<\/p>\n<p>Lungime total\u0103 (mm) &#8211; 230<\/p>\n<p>Filet arbore &#8211; M16<\/p>\n<p>Pas filet (mm) &#8211; 1,0<\/p>\n<p>Num\u0103r de sloturi (buc.) &#8211; 19<\/p>\n<p>Num\u0103rul de din\u021bi de pe angrenaj (buc.) &#8211; 22<\/p>\n<p>Latimea obrazului (mm) &#8211; 54,5<\/p>\n<p>Diametrul obrazului (mm) &#8211; 111<\/p>\n<p>Diametrul degetului (mm) &#8211; 15<\/p>\n<p>Greutate (gr.) &#8211; 3800<\/p>","protected":false},"excerpt":{"rendered":"<p>Arborele cotit cu rulmenti (63\/28RS * 2buc) Lungime total\u0103 (mm) &#8211; 230 Filet arbore &#8211; M16 Pas filet (mm) &#8211; 1,0 Num\u0103r de sloturi (buc.) &#8211; 19 Num\u0103rul de din\u021bi de pe angrenaj (buc.) &#8211; 22 Latimea obrazului (mm) &#8211; 54,5 Diametrul obrazului (mm) &#8211; 111 Diametrul degetului (mm) &#8211; 15 Greutate (gr.) &#8211; 3800<\/p>","protected":false},"featured_media":2684,"template":"","meta":[],"product_cat":[64],"product_tag":[],"class_list":{"0":"post-2683","1":"product","2":"type-product","3":"status-publish","4":"has-post-thumbnail","6":"product_cat-piese-auto","8":"first","9":"instock","10":"shipping-taxable","11":"product-type-simple"},"_links":{"self":[{"href":"https:\/\/motovitalex.md\/ru\/wp-json\/wp\/v2\/product\/2683","targetHints":{"allow":["GET"]}}],"collection":[{"href":"https:\/\/motovitalex.md\/ru\/wp-json\/wp\/v2\/product"}],"about":[{"href":"https:\/\/motovitalex.md\/ru\/wp-json\/wp\/v2\/types\/product"}],"version-history":[{"count":1,"href":"https:\/\/motovitalex.md\/ru\/wp-json\/wp\/v2\/product\/2683\/revisions"}],"predecessor-version":[{"id":2685,"href":"https:\/\/motovitalex.md\/ru\/wp-json\/wp\/v2\/product\/2683\/revisions\/2685"}],"wp:featuredmedia":[{"embeddable":true,"href":"https:\/\/motovitalex.md\/ru\/wp-json\/wp\/v2\/media\/2684"}],"wp:attachment":[{"href":"https:\/\/motovitalex.md\/ru\/wp-json\/wp\/v2\/media?parent=2683"}],"wp:term":[{"taxonomy":"product_cat","embeddable":true,"href":"https:\/\/motovitalex.md\/ru\/wp-json\/wp\/v2\/product_cat?post=2683"},{"taxonomy":"product_tag","embeddable":true,"href":"https:\/\/motovitalex.md\/ru\/wp-json\/wp\/v2\/product_tag?post=2683"}],"curies":[{"name":"wp","href":"https:\/\/api.w.org\/{rel}","templated":true}]}}