{"id":2670,"date":"2025-01-12T12:02:36","date_gmt":"2025-01-12T12:02:36","guid":{"rendered":"https:\/\/motovitalex.md\/?post_type=product&#038;p=2670"},"modified":"2025-01-12T12:03:07","modified_gmt":"2025-01-12T12:03:07","slug":"ansamblu-ambreiaj-pentru-motor-cg150-200","status":"publish","type":"product","link":"https:\/\/motovitalex.md\/ru\/product\/ansamblu-ambreiaj-pentru-motor-cg150-200\/","title":{"rendered":"Ansamblu ambreiaj pentru motor CG150\/200"},"content":{"rendered":"<p>Ansamblul ambreiajului pentru motorul CG150\/200 face parte din transmisia ICE. Este un volant cu co\u0219 integrat.<\/p>\n<p>Ambreiajul cu mai multe pl\u0103ci v\u0103 permite s\u0103 transmite\u021bi un cuplu mare \u0219i s\u0103 lucra\u021bi la viteze mari, caracteristice unui motor de motociclet\u0103. Designul ambreiajului folose\u0219te discuri de frecare de \u00eenalt\u0103 calitate, care sunt rezistente la temperaturi ridicate \u0219i abraziune. Stampilat din tabl\u0103 groas\u0103, co\u0219ul \u021bine \u00een siguran\u021b\u0103 toate componentele ambreiajului \u0219i asigur\u0103 func\u021bionarea perfect\u0103 a sistemului \u00een diferite moduri de func\u021bionare. Pentru a asigura o func\u021bionare lung\u0103 \u0219i fiabil\u0103 a ambreiajului, se recomand\u0103 \u00eentre\u021binerea periodic\u0103 \u0219i inspec\u021bia st\u0103rii acestuia. Func\u021bia de ambreiaj adecvat\u0103 promoveaz\u0103 schimbarea lin\u0103 a treptelor de vitez\u0103 \u0219i asigur\u0103 o manevrare confortabil\u0103 a motocicletei \u00een diferite situa\u021bii de mers.<\/p>","protected":false},"excerpt":{"rendered":"<p>Ansamblul ambreiajului pentru motorul CG150\/200 face parte din transmisia ICE. Este un volant cu co\u0219 integrat. Ambreiajul cu mai multe pl\u0103ci v\u0103 permite s\u0103 transmite\u021bi un cuplu mare \u0219i s\u0103 lucra\u021bi la viteze mari, caracteristice unui motor de motociclet\u0103. Designul ambreiajului folose\u0219te discuri de frecare de \u00eenalt\u0103 calitate, care sunt rezistente la temperaturi ridicate \u0219i&hellip;<\/p>","protected":false},"featured_media":2671,"template":"","meta":[],"product_cat":[64],"product_tag":[],"class_list":{"0":"post-2670","1":"product","2":"type-product","3":"status-publish","4":"has-post-thumbnail","6":"product_cat-piese-auto","8":"first","9":"instock","10":"shipping-taxable","11":"product-type-simple"},"_links":{"self":[{"href":"https:\/\/motovitalex.md\/ru\/wp-json\/wp\/v2\/product\/2670","targetHints":{"allow":["GET"]}}],"collection":[{"href":"https:\/\/motovitalex.md\/ru\/wp-json\/wp\/v2\/product"}],"about":[{"href":"https:\/\/motovitalex.md\/ru\/wp-json\/wp\/v2\/types\/product"}],"version-history":[{"count":2,"href":"https:\/\/motovitalex.md\/ru\/wp-json\/wp\/v2\/product\/2670\/revisions"}],"predecessor-version":[{"id":2673,"href":"https:\/\/motovitalex.md\/ru\/wp-json\/wp\/v2\/product\/2670\/revisions\/2673"}],"wp:featuredmedia":[{"embeddable":true,"href":"https:\/\/motovitalex.md\/ru\/wp-json\/wp\/v2\/media\/2671"}],"wp:attachment":[{"href":"https:\/\/motovitalex.md\/ru\/wp-json\/wp\/v2\/media?parent=2670"}],"wp:term":[{"taxonomy":"product_cat","embeddable":true,"href":"https:\/\/motovitalex.md\/ru\/wp-json\/wp\/v2\/product_cat?post=2670"},{"taxonomy":"product_tag","embeddable":true,"href":"https:\/\/motovitalex.md\/ru\/wp-json\/wp\/v2\/product_tag?post=2670"}],"curies":[{"name":"wp","href":"https:\/\/api.w.org\/{rel}","templated":true}]}}