{"id":2661,"date":"2025-01-12T11:55:05","date_gmt":"2025-01-12T11:55:05","guid":{"rendered":"https:\/\/motovitalex.md\/?post_type=product&#038;p=2661"},"modified":"2025-01-12T11:55:05","modified_gmt":"2025-01-12T11:55:05","slug":"piston-cpg-pentru-motor-cg200-63-mm","status":"publish","type":"product","link":"https:\/\/motovitalex.md\/ru\/product\/piston-cpg-pentru-motor-cg200-63-mm\/","title":{"rendered":"Piston (CPG) , pentru motor CG200, 63 mm"},"content":{"rendered":"<p>Piston (CPG) , pentru motor CG200, 63 mm- un set de piese de schimb premium, concepute special pentru instalare pe un motor triciclu\u00a0 cu un volum de 200 cmc. Include mai multe componente cheie, inclusiv blocul cilindrilor, blocul \u0219i garniturile de chiulas\u0103, pistonul, \u0219tiftul pistonului, inelele de siguran\u021b\u0103 \u0219i inelele pistonului. Fiecare detaliu al acestui kit este selectat pentru cea mai bun\u0103 interac\u021biune \u00eentre componente. Calitatea pieselor de schimb garanteaz\u0103 nu numai o durat\u0103 lung\u0103 de via\u021b\u0103 a unit\u0103\u021bii de alimentare, ci \u0219i caracteristicile tehnice maxime care corespund datelor pa\u0219aportului produc\u0103torului. Fiabilitatea \u0219i durabilitatea acestui set &#8211; unul dintre principalele sale avantaje. Nu uita\u021bi de u\u0219urin\u021ba instal\u0103rii acestui kit. Fiecare pies\u0103 a fost testat\u0103 pe larg pentru compatibilitate \u0219i se garanteaz\u0103 c\u0103 se potrive\u0219te cu motocicleta dumneavoastr\u0103. Acest lucru evit\u0103 nevoia de ajust\u0103ri sau modific\u0103ri \u00een timpul instal\u0103rii \u0219i asigur\u0103 o performan\u021b\u0103 impecabil\u0103.<\/p>","protected":false},"excerpt":{"rendered":"<p>Piston (CPG) , pentru motor CG200, 63 mm- un set de piese de schimb premium, concepute special pentru instalare pe un motor triciclu\u00a0 cu un volum de 200 cmc. Include mai multe componente cheie, inclusiv blocul cilindrilor, blocul \u0219i garniturile de chiulas\u0103, pistonul, \u0219tiftul pistonului, inelele de siguran\u021b\u0103 \u0219i inelele pistonului. Fiecare detaliu al acestui&hellip;<\/p>","protected":false},"featured_media":2662,"template":"","meta":[],"product_cat":[64],"product_tag":[],"class_list":{"0":"post-2661","1":"product","2":"type-product","3":"status-publish","4":"has-post-thumbnail","6":"product_cat-piese-auto","8":"first","9":"instock","10":"shipping-taxable","11":"product-type-simple"},"_links":{"self":[{"href":"https:\/\/motovitalex.md\/ru\/wp-json\/wp\/v2\/product\/2661","targetHints":{"allow":["GET"]}}],"collection":[{"href":"https:\/\/motovitalex.md\/ru\/wp-json\/wp\/v2\/product"}],"about":[{"href":"https:\/\/motovitalex.md\/ru\/wp-json\/wp\/v2\/types\/product"}],"version-history":[{"count":1,"href":"https:\/\/motovitalex.md\/ru\/wp-json\/wp\/v2\/product\/2661\/revisions"}],"predecessor-version":[{"id":2663,"href":"https:\/\/motovitalex.md\/ru\/wp-json\/wp\/v2\/product\/2661\/revisions\/2663"}],"wp:featuredmedia":[{"embeddable":true,"href":"https:\/\/motovitalex.md\/ru\/wp-json\/wp\/v2\/media\/2662"}],"wp:attachment":[{"href":"https:\/\/motovitalex.md\/ru\/wp-json\/wp\/v2\/media?parent=2661"}],"wp:term":[{"taxonomy":"product_cat","embeddable":true,"href":"https:\/\/motovitalex.md\/ru\/wp-json\/wp\/v2\/product_cat?post=2661"},{"taxonomy":"product_tag","embeddable":true,"href":"https:\/\/motovitalex.md\/ru\/wp-json\/wp\/v2\/product_tag?post=2661"}],"curies":[{"name":"wp","href":"https:\/\/api.w.org\/{rel}","templated":true}]}}