{"id":2658,"date":"2025-01-12T11:51:48","date_gmt":"2025-01-12T11:51:48","guid":{"rendered":"https:\/\/motovitalex.md\/?post_type=product&#038;p=2658"},"modified":"2025-01-12T11:51:48","modified_gmt":"2025-01-12T11:51:48","slug":"piston-cpg-pentru-motor-cg150-62-mm","status":"publish","type":"product","link":"https:\/\/motovitalex.md\/ru\/product\/piston-cpg-pentru-motor-cg150-62-mm\/","title":{"rendered":"Piston (CPG) , pentru motor CG150, 62 mm"},"content":{"rendered":"<p>Piston (CPG) , pentru motor CG150, 62 mm, set: 11 unit\u0103\u021bi &#8211; un set de piese de schimb de \u00eenalt\u0103 calitate, conceput special pentru instalarea pe motorul unei motociclete cu trei ro\u021bi .<\/p>\n<p>Acest kit const\u0103 din mai multe componente importante, inclusiv blocul cilindrilor, blocul cilindrilor \u0219i garniturile de chiulas\u0103, pistonul, \u0219tiftul pistonului, inelele \u0219i segmentele pistonului. Alegerea fiec\u0103rui detaliu pentru acest set a fost atent luat\u0103 \u00een considerare pentru a asigura combina\u021bia \u0219i interac\u021biunea perfect\u0103 \u00eentre componente. Datorit\u0103 acestui lucru, revizia motorului a devenit mai u\u0219oar\u0103 \u0219i necesit\u0103 timp \u0219i efort minim. O aten\u021bie deosebit\u0103 a fost acordat\u0103 calit\u0103\u021bii fiec\u0103rei piese de schimb incluse \u00een kit. Acest lucru garanteaz\u0103 o durat\u0103 lung\u0103 de via\u021b\u0103 a unit\u0103\u021bii de alimentare . Una dintre caracteristicile cheie ale acestui set este u\u0219urin\u021ba sa de instalare. Fiecare pies\u0103 este atent reglat\u0103 \u0219i testat\u0103 pentru compatibilitate, elimin\u00e2nd nevoia de ajust\u0103ri sau modific\u0103ri \u00een timpul instal\u0103rii.<\/p>","protected":false},"excerpt":{"rendered":"<p>Piston (CPG) , pentru motor CG150, 62 mm, set: 11 unit\u0103\u021bi &#8211; un set de piese de schimb de \u00eenalt\u0103 calitate, conceput special pentru instalarea pe motorul unei motociclete cu trei ro\u021bi . Acest kit const\u0103 din mai multe componente importante, inclusiv blocul cilindrilor, blocul cilindrilor \u0219i garniturile de chiulas\u0103, pistonul, \u0219tiftul pistonului, inelele \u0219i&hellip;<\/p>","protected":false},"featured_media":2659,"template":"","meta":[],"product_cat":[64],"product_tag":[],"class_list":{"0":"post-2658","1":"product","2":"type-product","3":"status-publish","4":"has-post-thumbnail","6":"product_cat-piese-auto","8":"first","9":"instock","10":"shipping-taxable","11":"product-type-simple"},"_links":{"self":[{"href":"https:\/\/motovitalex.md\/ru\/wp-json\/wp\/v2\/product\/2658","targetHints":{"allow":["GET"]}}],"collection":[{"href":"https:\/\/motovitalex.md\/ru\/wp-json\/wp\/v2\/product"}],"about":[{"href":"https:\/\/motovitalex.md\/ru\/wp-json\/wp\/v2\/types\/product"}],"version-history":[{"count":1,"href":"https:\/\/motovitalex.md\/ru\/wp-json\/wp\/v2\/product\/2658\/revisions"}],"predecessor-version":[{"id":2660,"href":"https:\/\/motovitalex.md\/ru\/wp-json\/wp\/v2\/product\/2658\/revisions\/2660"}],"wp:featuredmedia":[{"embeddable":true,"href":"https:\/\/motovitalex.md\/ru\/wp-json\/wp\/v2\/media\/2659"}],"wp:attachment":[{"href":"https:\/\/motovitalex.md\/ru\/wp-json\/wp\/v2\/media?parent=2658"}],"wp:term":[{"taxonomy":"product_cat","embeddable":true,"href":"https:\/\/motovitalex.md\/ru\/wp-json\/wp\/v2\/product_cat?post=2658"},{"taxonomy":"product_tag","embeddable":true,"href":"https:\/\/motovitalex.md\/ru\/wp-json\/wp\/v2\/product_tag?post=2658"}],"curies":[{"name":"wp","href":"https:\/\/api.w.org\/{rel}","templated":true}]}}