{"id":2652,"date":"2025-01-12T11:40:11","date_gmt":"2025-01-12T11:40:11","guid":{"rendered":"https:\/\/motovitalex.md\/?post_type=product&#038;p=2652"},"modified":"2025-01-12T11:40:12","modified_gmt":"2025-01-12T11:40:12","slug":"kickstarter-pentru-motor-cg150-200","status":"publish","type":"product","link":"https:\/\/motovitalex.md\/ru\/product\/kickstarter-pentru-motor-cg150-200\/","title":{"rendered":"Kickstarter pentru motor CG150\/200"},"content":{"rendered":"<p>Kickstarterul pentru motorul CG150\/200 este conceput pentru a porni un motor cu ardere intern\u0103 folosind puterea muscular\u0103. Este confectionat din otel si are un suport de cauciuc pe suport pentru picioare pentru a preveni alunecarea piciorului in momentul lansarii. Dispozitivul este ata\u0219at la arborele kickstarterului, folosind un suport de prindere; pentru o conexiune sigur\u0103, o crest\u0103tur\u0103 este situat\u0103 pe suprafa\u021ba interioar\u0103 a monturii. Piesa este acoperit\u0103 cu un strat protector pentru a proteja \u00eempotriva coroziunii \u0219i pentru a oferi un aspect estetic. \u00cen cazul unei baterii desc\u0103rcate sau a unei defec\u021biuni \u00een circuitul demarorului electric, kickstarterul este singura modalitate sigur\u0103 de a porni motorul.<\/p>","protected":false},"excerpt":{"rendered":"<p>Kickstarterul pentru motorul CG150\/200 este conceput pentru a porni un motor cu ardere intern\u0103 folosind puterea muscular\u0103. Este confectionat din otel si are un suport de cauciuc pe suport pentru picioare pentru a preveni alunecarea piciorului in momentul lansarii. Dispozitivul este ata\u0219at la arborele kickstarterului, folosind un suport de prindere; pentru o conexiune sigur\u0103, o&hellip;<\/p>","protected":false},"featured_media":2653,"template":"","meta":[],"product_cat":[64],"product_tag":[],"class_list":{"0":"post-2652","1":"product","2":"type-product","3":"status-publish","4":"has-post-thumbnail","6":"product_cat-piese-auto","8":"first","9":"instock","10":"shipping-taxable","11":"product-type-simple"},"_links":{"self":[{"href":"https:\/\/motovitalex.md\/ru\/wp-json\/wp\/v2\/product\/2652","targetHints":{"allow":["GET"]}}],"collection":[{"href":"https:\/\/motovitalex.md\/ru\/wp-json\/wp\/v2\/product"}],"about":[{"href":"https:\/\/motovitalex.md\/ru\/wp-json\/wp\/v2\/types\/product"}],"version-history":[{"count":1,"href":"https:\/\/motovitalex.md\/ru\/wp-json\/wp\/v2\/product\/2652\/revisions"}],"predecessor-version":[{"id":2654,"href":"https:\/\/motovitalex.md\/ru\/wp-json\/wp\/v2\/product\/2652\/revisions\/2654"}],"wp:featuredmedia":[{"embeddable":true,"href":"https:\/\/motovitalex.md\/ru\/wp-json\/wp\/v2\/media\/2653"}],"wp:attachment":[{"href":"https:\/\/motovitalex.md\/ru\/wp-json\/wp\/v2\/media?parent=2652"}],"wp:term":[{"taxonomy":"product_cat","embeddable":true,"href":"https:\/\/motovitalex.md\/ru\/wp-json\/wp\/v2\/product_cat?post=2652"},{"taxonomy":"product_tag","embeddable":true,"href":"https:\/\/motovitalex.md\/ru\/wp-json\/wp\/v2\/product_tag?post=2652"}],"curies":[{"name":"wp","href":"https:\/\/api.w.org\/{rel}","templated":true}]}}