{"id":2643,"date":"2025-01-12T11:25:15","date_gmt":"2025-01-12T11:25:15","guid":{"rendered":"https:\/\/motovitalex.md\/?post_type=product&#038;p=2643"},"modified":"2025-01-12T11:33:35","modified_gmt":"2025-01-12T11:33:35","slug":"garnituri-motor-pentru-motor-cg150","status":"publish","type":"product","link":"https:\/\/motovitalex.md\/ru\/product\/garnituri-motor-pentru-motor-cg150\/","title":{"rendered":"Garnituri motor, pentru motor CG150,"},"content":{"rendered":"<p>Garnituri motor, pentru motor CG150, set: 16 buc. conceput pentru revizia unui motor cu ardere intern\u0103 \u0219i con\u021bine un set complet de elemente de etan\u0219are.<\/p>\n<p><strong>Setul contine:<\/strong><\/p>\n<p>\u2022 garnitura carter &#8211; 1 buc.;<\/p>\n<p>\u2022 garnitura capac ambreiaj &#8211; 1;<\/p>\n<p>\u2022 a\u0219ezarea capacului st\u00e2ng (magneto) &#8211; 1 bucat\u0103;<\/p>\n<p>\u2022 garnitura cap &#8211; 1 bucata;<\/p>\n<p>\u2022 garnitura cilindrului &#8211; 1 bucata;<\/p>\n<p>\u2022 a\u0219ezarea capacului st\u00e2ng al unui cap &#8211; 1 bucat\u0103.<\/p>\n<p>\u2022 garnitura toba de e\u0219apament &#8211; 2 buc.<\/p>\n<p>\u2022 garnitur\u0103 \u00eentinz\u0103tor lan\u021b &#8211; 6 buc.<\/p>\n<p>\u2022 garnituri tija supapei &#8211; 2 buc.<\/p>\n<p>Garniturile in contact cu combustibilul sunt realizate din cauciuc rezistent la benzina-ulei, garnitura de chiulasa incarcata termic este din azbest-grafit armat cu un inel metalic in zona camerei de ardere. Alte garnituri ale blocului motor \u0219i elemente ale sistemului de combustibil \u0219i ale sistemului de alimentare cu aer sunt realizate din paronit\u0103 de \u00eenalt\u0103 densitate. Garniturile sunt parte integrant\u0103 a motorului \u0219i asigur\u0103 func\u021bionarea lui normal\u0103, protej\u00e2nd \u00eempotriva scurgerilor de ulei, combustibil, aer \u0219i amestec de combustibil.<\/p>","protected":false},"excerpt":{"rendered":"<p>Garnituri motor, pentru motor CG150, set: 16 buc. conceput pentru revizia unui motor cu ardere intern\u0103 \u0219i con\u021bine un set complet de elemente de etan\u0219are. Setul contine: \u2022 garnitura carter &#8211; 1 buc.; \u2022 garnitura capac ambreiaj &#8211; 1; \u2022 a\u0219ezarea capacului st\u00e2ng (magneto) &#8211; 1 bucat\u0103; \u2022 garnitura cap &#8211; 1 bucata; \u2022 garnitura&hellip;<\/p>","protected":false},"featured_media":2646,"template":"","meta":[],"product_cat":[64],"product_tag":[],"class_list":{"0":"post-2643","1":"product","2":"type-product","3":"status-publish","4":"has-post-thumbnail","6":"product_cat-piese-auto","8":"first","9":"instock","10":"shipping-taxable","11":"product-type-simple"},"_links":{"self":[{"href":"https:\/\/motovitalex.md\/ru\/wp-json\/wp\/v2\/product\/2643","targetHints":{"allow":["GET"]}}],"collection":[{"href":"https:\/\/motovitalex.md\/ru\/wp-json\/wp\/v2\/product"}],"about":[{"href":"https:\/\/motovitalex.md\/ru\/wp-json\/wp\/v2\/types\/product"}],"version-history":[{"count":1,"href":"https:\/\/motovitalex.md\/ru\/wp-json\/wp\/v2\/product\/2643\/revisions"}],"predecessor-version":[{"id":2645,"href":"https:\/\/motovitalex.md\/ru\/wp-json\/wp\/v2\/product\/2643\/revisions\/2645"}],"wp:featuredmedia":[{"embeddable":true,"href":"https:\/\/motovitalex.md\/ru\/wp-json\/wp\/v2\/media\/2646"}],"wp:attachment":[{"href":"https:\/\/motovitalex.md\/ru\/wp-json\/wp\/v2\/media?parent=2643"}],"wp:term":[{"taxonomy":"product_cat","embeddable":true,"href":"https:\/\/motovitalex.md\/ru\/wp-json\/wp\/v2\/product_cat?post=2643"},{"taxonomy":"product_tag","embeddable":true,"href":"https:\/\/motovitalex.md\/ru\/wp-json\/wp\/v2\/product_tag?post=2643"}],"curies":[{"name":"wp","href":"https:\/\/api.w.org\/{rel}","templated":true}]}}