{"id":2640,"date":"2025-01-12T11:16:00","date_gmt":"2025-01-12T11:16:00","guid":{"rendered":"https:\/\/motovitalex.md\/?post_type=product&#038;p=2640"},"modified":"2025-02-21T12:00:21","modified_gmt":"2025-02-21T12:00:21","slug":"casca-pentru-motocross-virtue-negru-albastru","status":"publish","type":"product","link":"https:\/\/motovitalex.md\/ru\/product\/casca-pentru-motocross-virtue-negru-albastru\/","title":{"rendered":"Casca pentru motocross  VIRTUE (negru-albastru)"},"content":{"rendered":"<p><span class=\"fsz-24 fw-600 dark-text\"><strong>Caracteristici<\/strong><\/span><\/p>\n<ul>\n<li><span style=\"color: #000000;\">caracteristici suplimentare\u00a0 &#8211; Cu vizor<\/span><\/li>\n<li><span style=\"color: #000000;\">Culoare &#8211; albastru negru<\/span><\/li>\n<li><span style=\"color: #000000;\">Greutate, g &#8211;\u00a0 1500<\/span><\/li>\n<li><span style=\"color: #000000;\">m\u0103rimea &#8211; S-XL\u00a0<\/span><\/li>\n<li><span style=\"color: #000000;\">material de c\u0103ptu\u0219eal\u0103 a c\u0103\u0219tii &#8211; Polistiren dens, cauciuc spumos<\/span><\/li>\n<li><span style=\"color: #000000;\">materialul corpului casca &#8211; Termoplastic de \u00eenalt\u0103 presiune<\/span><\/li>\n<li><span style=\"color: #000000;\">tip casc\u0103 &#8211; Cruce<\/span><\/li>\n<\/ul>","protected":false},"excerpt":{"rendered":"<p>Caracteristici caracteristici suplimentare\u00a0 &#8211; Cu vizor Culoare &#8211; albastru negru Greutate, g &#8211;\u00a0 1500 m\u0103rimea &#8211; S-XL\u00a0 material de c\u0103ptu\u0219eal\u0103 a c\u0103\u0219tii &#8211; Polistiren dens, cauciuc spumos materialul corpului casca &#8211; Termoplastic de \u00eenalt\u0103 presiune tip casc\u0103 &#8211; Cruce<\/p>","protected":false},"featured_media":2641,"template":"","meta":[],"product_cat":[58],"product_tag":[],"class_list":{"0":"post-2640","1":"product","2":"type-product","3":"status-publish","4":"has-post-thumbnail","6":"product_cat-casca","8":"first","9":"instock","10":"shipping-taxable","11":"purchasable","12":"product-type-simple"},"_links":{"self":[{"href":"https:\/\/motovitalex.md\/ru\/wp-json\/wp\/v2\/product\/2640","targetHints":{"allow":["GET"]}}],"collection":[{"href":"https:\/\/motovitalex.md\/ru\/wp-json\/wp\/v2\/product"}],"about":[{"href":"https:\/\/motovitalex.md\/ru\/wp-json\/wp\/v2\/types\/product"}],"version-history":[{"count":1,"href":"https:\/\/motovitalex.md\/ru\/wp-json\/wp\/v2\/product\/2640\/revisions"}],"predecessor-version":[{"id":2642,"href":"https:\/\/motovitalex.md\/ru\/wp-json\/wp\/v2\/product\/2640\/revisions\/2642"}],"wp:featuredmedia":[{"embeddable":true,"href":"https:\/\/motovitalex.md\/ru\/wp-json\/wp\/v2\/media\/2641"}],"wp:attachment":[{"href":"https:\/\/motovitalex.md\/ru\/wp-json\/wp\/v2\/media?parent=2640"}],"wp:term":[{"taxonomy":"product_cat","embeddable":true,"href":"https:\/\/motovitalex.md\/ru\/wp-json\/wp\/v2\/product_cat?post=2640"},{"taxonomy":"product_tag","embeddable":true,"href":"https:\/\/motovitalex.md\/ru\/wp-json\/wp\/v2\/product_tag?post=2640"}],"curies":[{"name":"wp","href":"https:\/\/api.w.org\/{rel}","templated":true}]}}