{"id":2629,"date":"2025-01-12T11:04:46","date_gmt":"2025-01-12T11:04:46","guid":{"rendered":"https:\/\/motovitalex.md\/?post_type=product&#038;p=2629"},"modified":"2025-02-21T11:59:30","modified_gmt":"2025-02-21T11:59:30","slug":"casca-moto-integrala-virtue-negru-gri-lucios","status":"publish","type":"product","link":"https:\/\/motovitalex.md\/ru\/product\/casca-moto-integrala-virtue-negru-gri-lucios\/","title":{"rendered":"Casca moto integrala VIRTUE (negru-gri lucios)"},"content":{"rendered":"<p><span class=\"fsz-24 fw-600 dark-text\"><strong>Caracteristici<\/strong><\/span><\/p>\n<ul>\n<li><span style=\"color: #000000;\">Culoare &#8211;\u00a0 Negru gri lucios<\/span><\/li>\n<li><span style=\"color: #000000;\">Greutate, g -1010<\/span><\/li>\n<li><span style=\"color: #000000;\">m\u0103rimea &#8211; S-XL<\/span><\/li>\n<li><span style=\"color: #000000;\">material de c\u0103ptu\u0219eal\u0103 a c\u0103\u0219tii &#8211; Polistiren dens, cauciuc spumos<\/span><\/li>\n<li><span style=\"color: #000000;\">materialul corpului casca &#8211; Termoplastic de \u00eenalt\u0103 presiune<\/span><\/li>\n<li><span style=\"color: #000000;\">Sezon &#8211; Tot sezonul<\/span><\/li>\n<li><span style=\"color: #000000;\">tip casc\u0103 &#8211; Integral<\/span><\/li>\n<\/ul>","protected":false},"excerpt":{"rendered":"<p>Caracteristici Culoare &#8211;\u00a0 Negru gri lucios Greutate, g -1010 m\u0103rimea &#8211; S-XL material de c\u0103ptu\u0219eal\u0103 a c\u0103\u0219tii &#8211; Polistiren dens, cauciuc spumos materialul corpului casca &#8211; Termoplastic de \u00eenalt\u0103 presiune Sezon &#8211; Tot sezonul tip casc\u0103 &#8211; Integral<\/p>","protected":false},"featured_media":2630,"template":"","meta":[],"product_cat":[58],"product_tag":[],"class_list":{"0":"post-2629","1":"product","2":"type-product","3":"status-publish","4":"has-post-thumbnail","6":"product_cat-casca","8":"first","9":"instock","10":"shipping-taxable","11":"purchasable","12":"product-type-simple"},"_links":{"self":[{"href":"https:\/\/motovitalex.md\/ru\/wp-json\/wp\/v2\/product\/2629","targetHints":{"allow":["GET"]}}],"collection":[{"href":"https:\/\/motovitalex.md\/ru\/wp-json\/wp\/v2\/product"}],"about":[{"href":"https:\/\/motovitalex.md\/ru\/wp-json\/wp\/v2\/types\/product"}],"version-history":[{"count":1,"href":"https:\/\/motovitalex.md\/ru\/wp-json\/wp\/v2\/product\/2629\/revisions"}],"predecessor-version":[{"id":2631,"href":"https:\/\/motovitalex.md\/ru\/wp-json\/wp\/v2\/product\/2629\/revisions\/2631"}],"wp:featuredmedia":[{"embeddable":true,"href":"https:\/\/motovitalex.md\/ru\/wp-json\/wp\/v2\/media\/2630"}],"wp:attachment":[{"href":"https:\/\/motovitalex.md\/ru\/wp-json\/wp\/v2\/media?parent=2629"}],"wp:term":[{"taxonomy":"product_cat","embeddable":true,"href":"https:\/\/motovitalex.md\/ru\/wp-json\/wp\/v2\/product_cat?post=2629"},{"taxonomy":"product_tag","embeddable":true,"href":"https:\/\/motovitalex.md\/ru\/wp-json\/wp\/v2\/product_tag?post=2629"}],"curies":[{"name":"wp","href":"https:\/\/api.w.org\/{rel}","templated":true}]}}