{"id":2616,"date":"2025-01-11T20:52:03","date_gmt":"2025-01-11T20:52:03","guid":{"rendered":"https:\/\/motovitalex.md\/?post_type=product&#038;p=2616"},"modified":"2025-02-21T11:58:02","modified_gmt":"2025-02-21T11:58:02","slug":"casca-integrala-pentru-motocicleta-virtue-neagra-cu-dungi-rosii-si-albe","status":"publish","type":"product","link":"https:\/\/motovitalex.md\/ru\/product\/casca-integrala-pentru-motocicleta-virtue-neagra-cu-dungi-rosii-si-albe\/","title":{"rendered":"Casca integrala pentru motocicleta  VIRTUE (neagra cu dungi rosii si albe)"},"content":{"rendered":"<p><span class=\"fsz-24 fw-600 dark-text\"><strong>Caracteristici<\/strong><\/span><\/p>\n<ul>\n<li><span style=\"color: #000000;\">Culoare-\u00a0 Negru cu dungi ro\u0219ii \u0219i albe<\/span><\/li>\n<li><span style=\"color: #000000;\">Greutate, g &#8211; 995<\/span><\/li>\n<li><span style=\"color: #000000;\">m\u0103rimea &#8211; S- XL<\/span><\/li>\n<li><span style=\"color: #000000;\">material de c\u0103ptu\u0219eal\u0103 a c\u0103\u0219tii &#8211; Polistiren dens, cauciuc spumos<\/span><\/li>\n<li><span style=\"color: #000000;\">materialul corpului casca &#8211; Termoplastic de \u00eenalt\u0103 presiune<\/span><\/li>\n<li><span style=\"color: #000000;\">Sezon &#8211; Tot sezonul<\/span><\/li>\n<li><span style=\"color: #000000;\">tip casc\u0103 &#8211; Integral<\/span><\/li>\n<\/ul>","protected":false},"excerpt":{"rendered":"<p>Caracteristici Culoare-\u00a0 Negru cu dungi ro\u0219ii \u0219i albe Greutate, g &#8211; 995 m\u0103rimea &#8211; S- XL material de c\u0103ptu\u0219eal\u0103 a c\u0103\u0219tii &#8211; Polistiren dens, cauciuc spumos materialul corpului casca &#8211; Termoplastic de \u00eenalt\u0103 presiune Sezon &#8211; Tot sezonul tip casc\u0103 &#8211; Integral<\/p>","protected":false},"featured_media":2617,"template":"","meta":[],"product_cat":[58],"product_tag":[],"class_list":{"0":"post-2616","1":"product","2":"type-product","3":"status-publish","4":"has-post-thumbnail","6":"product_cat-casca","8":"first","9":"instock","10":"shipping-taxable","11":"purchasable","12":"product-type-simple"},"_links":{"self":[{"href":"https:\/\/motovitalex.md\/ru\/wp-json\/wp\/v2\/product\/2616","targetHints":{"allow":["GET"]}}],"collection":[{"href":"https:\/\/motovitalex.md\/ru\/wp-json\/wp\/v2\/product"}],"about":[{"href":"https:\/\/motovitalex.md\/ru\/wp-json\/wp\/v2\/types\/product"}],"version-history":[{"count":1,"href":"https:\/\/motovitalex.md\/ru\/wp-json\/wp\/v2\/product\/2616\/revisions"}],"predecessor-version":[{"id":2618,"href":"https:\/\/motovitalex.md\/ru\/wp-json\/wp\/v2\/product\/2616\/revisions\/2618"}],"wp:featuredmedia":[{"embeddable":true,"href":"https:\/\/motovitalex.md\/ru\/wp-json\/wp\/v2\/media\/2617"}],"wp:attachment":[{"href":"https:\/\/motovitalex.md\/ru\/wp-json\/wp\/v2\/media?parent=2616"}],"wp:term":[{"taxonomy":"product_cat","embeddable":true,"href":"https:\/\/motovitalex.md\/ru\/wp-json\/wp\/v2\/product_cat?post=2616"},{"taxonomy":"product_tag","embeddable":true,"href":"https:\/\/motovitalex.md\/ru\/wp-json\/wp\/v2\/product_tag?post=2616"}],"curies":[{"name":"wp","href":"https:\/\/api.w.org\/{rel}","templated":true}]}}