{"id":2601,"date":"2025-01-11T20:32:36","date_gmt":"2025-01-11T20:32:36","guid":{"rendered":"https:\/\/motovitalex.md\/?post_type=product&#038;p=2601"},"modified":"2025-02-21T11:56:52","modified_gmt":"2025-02-21T11:56:52","slug":"casca-moto-integrala-virtue","status":"publish","type":"product","link":"https:\/\/motovitalex.md\/ru\/product\/casca-moto-integrala-virtue\/","title":{"rendered":"Casca moto integrala  VIRTUE"},"content":{"rendered":"<p><span class=\"fsz-24 fw-600 dark-text\"><strong>Caracteristici<\/strong><\/span><\/p>\n<ul>\n<li><span style=\"color: #000000;\">Culoare -Negru ,galben mat<\/span><\/li>\n<li><span style=\"color: #000000;\">Greutate, g -995<\/span><\/li>\n<li><span style=\"color: #000000;\">m\u0103rimea -S-XL<\/span><\/li>\n<li><span style=\"color: #000000;\">material de c\u0103ptu\u0219eal\u0103 a c\u0103\u0219tii-\u00a0 Polistiren dens, cauciuc spumos<\/span><\/li>\n<li><span style=\"color: #000000;\">materialul corpului casca- Termoplastic de \u00eenalt\u0103 presiune<\/span><\/li>\n<li><span style=\"color: #000000;\">Sezon- Tot sezonul<\/span><\/li>\n<li><span style=\"color: #000000;\">tip casc\u0103- Integral<\/span><\/li>\n<\/ul>","protected":false},"excerpt":{"rendered":"<p>Caracteristici Culoare -Negru ,galben mat Greutate, g -995 m\u0103rimea -S-XL material de c\u0103ptu\u0219eal\u0103 a c\u0103\u0219tii-\u00a0 Polistiren dens, cauciuc spumos materialul corpului casca- Termoplastic de \u00eenalt\u0103 presiune Sezon- Tot sezonul tip casc\u0103- Integral<\/p>","protected":false},"featured_media":2602,"template":"","meta":[],"product_cat":[58],"product_tag":[],"class_list":{"0":"post-2601","1":"product","2":"type-product","3":"status-publish","4":"has-post-thumbnail","6":"product_cat-casca","8":"first","9":"instock","10":"shipping-taxable","11":"purchasable","12":"product-type-simple"},"_links":{"self":[{"href":"https:\/\/motovitalex.md\/ru\/wp-json\/wp\/v2\/product\/2601","targetHints":{"allow":["GET"]}}],"collection":[{"href":"https:\/\/motovitalex.md\/ru\/wp-json\/wp\/v2\/product"}],"about":[{"href":"https:\/\/motovitalex.md\/ru\/wp-json\/wp\/v2\/types\/product"}],"version-history":[{"count":1,"href":"https:\/\/motovitalex.md\/ru\/wp-json\/wp\/v2\/product\/2601\/revisions"}],"predecessor-version":[{"id":2603,"href":"https:\/\/motovitalex.md\/ru\/wp-json\/wp\/v2\/product\/2601\/revisions\/2603"}],"wp:featuredmedia":[{"embeddable":true,"href":"https:\/\/motovitalex.md\/ru\/wp-json\/wp\/v2\/media\/2602"}],"wp:attachment":[{"href":"https:\/\/motovitalex.md\/ru\/wp-json\/wp\/v2\/media?parent=2601"}],"wp:term":[{"taxonomy":"product_cat","embeddable":true,"href":"https:\/\/motovitalex.md\/ru\/wp-json\/wp\/v2\/product_cat?post=2601"},{"taxonomy":"product_tag","embeddable":true,"href":"https:\/\/motovitalex.md\/ru\/wp-json\/wp\/v2\/product_tag?post=2601"}],"curies":[{"name":"wp","href":"https:\/\/api.w.org\/{rel}","templated":true}]}}