{"id":2594,"date":"2025-01-11T20:24:09","date_gmt":"2025-01-11T20:24:09","guid":{"rendered":"https:\/\/motovitalex.md\/?post_type=product&#038;p=2594"},"modified":"2025-02-21T11:56:34","modified_gmt":"2025-02-21T11:56:34","slug":"casca-inchisa-pentru-motocicleta-virtue","status":"publish","type":"product","link":"https:\/\/motovitalex.md\/ru\/product\/casca-inchisa-pentru-motocicleta-virtue\/","title":{"rendered":"Casca \u00eenchis\u0103 pentru motociclet\u0103 VIRTUE"},"content":{"rendered":"<p><span class=\"fsz-24 fw-600 dark-text\"><strong>Caracteristici<\/strong><\/span><\/p>\n<ul>\n<li><span style=\"color: #000000;\">Culoare -alb<\/span><\/li>\n<li><span style=\"color: #000000;\">Greutate, g -995<\/span><\/li>\n<li><span style=\"color: #000000;\">m\u0103rimea- S-XL<\/span><\/li>\n<li><span style=\"color: #000000;\">material de c\u0103ptu\u0219eal\u0103 a c\u0103\u0219tii -Polistiren dens, cauciuc spumos<\/span><\/li>\n<li><span style=\"color: #000000;\">Materialul carcasei-Termoplastic<\/span><\/li>\n<li><span style=\"color: #000000;\">Sezon- Tot sezonul<\/span><\/li>\n<li><span style=\"color: #000000;\">tip casc\u0103- Integral<\/span><\/li>\n<\/ul>","protected":false},"excerpt":{"rendered":"<p>Caracteristici Culoare -alb Greutate, g -995 m\u0103rimea- S-XL material de c\u0103ptu\u0219eal\u0103 a c\u0103\u0219tii -Polistiren dens, cauciuc spumos Materialul carcasei-Termoplastic Sezon- Tot sezonul tip casc\u0103- Integral<\/p>","protected":false},"featured_media":2596,"template":"","meta":[],"product_cat":[58],"product_tag":[],"class_list":{"0":"post-2594","1":"product","2":"type-product","3":"status-publish","4":"has-post-thumbnail","6":"product_cat-casca","8":"first","9":"instock","10":"shipping-taxable","11":"purchasable","12":"product-type-simple"},"_links":{"self":[{"href":"https:\/\/motovitalex.md\/ru\/wp-json\/wp\/v2\/product\/2594","targetHints":{"allow":["GET"]}}],"collection":[{"href":"https:\/\/motovitalex.md\/ru\/wp-json\/wp\/v2\/product"}],"about":[{"href":"https:\/\/motovitalex.md\/ru\/wp-json\/wp\/v2\/types\/product"}],"version-history":[{"count":1,"href":"https:\/\/motovitalex.md\/ru\/wp-json\/wp\/v2\/product\/2594\/revisions"}],"predecessor-version":[{"id":2595,"href":"https:\/\/motovitalex.md\/ru\/wp-json\/wp\/v2\/product\/2594\/revisions\/2595"}],"wp:featuredmedia":[{"embeddable":true,"href":"https:\/\/motovitalex.md\/ru\/wp-json\/wp\/v2\/media\/2596"}],"wp:attachment":[{"href":"https:\/\/motovitalex.md\/ru\/wp-json\/wp\/v2\/media?parent=2594"}],"wp:term":[{"taxonomy":"product_cat","embeddable":true,"href":"https:\/\/motovitalex.md\/ru\/wp-json\/wp\/v2\/product_cat?post=2594"},{"taxonomy":"product_tag","embeddable":true,"href":"https:\/\/motovitalex.md\/ru\/wp-json\/wp\/v2\/product_tag?post=2594"}],"curies":[{"name":"wp","href":"https:\/\/api.w.org\/{rel}","templated":true}]}}