{"id":2549,"date":"2025-01-10T18:36:23","date_gmt":"2025-01-10T18:36:23","guid":{"rendered":"https:\/\/motovitalex.md\/?post_type=product&#038;p=2549"},"modified":"2025-01-10T18:36:24","modified_gmt":"2025-01-10T18:36:24","slug":"furca-schimbare-cutie-de-viteze-mini","status":"publish","type":"product","link":"https:\/\/motovitalex.md\/ru\/product\/furca-schimbare-cutie-de-viteze-mini\/","title":{"rendered":"Furc\u0103 schimbare &#8211; cutie de viteze Mini"},"content":{"rendered":"<p>Furc\u0103 schimbare &#8211; cutie de viteze Mini<\/p>\n<p>Lungime (mm) &#8211; 24<\/p>\n<p>Latime (mm) &#8211; 15<\/p>\n<p>\u00cen\u0103l\u021bime (mm) &#8211; 17<\/p>\n<p>Diametrul interior (mm) &#8211; 10<\/p>\n<p>Greutate (g) &#8211; 27<\/p>","protected":false},"excerpt":{"rendered":"<p>Furc\u0103 schimbare &#8211; cutie de viteze Mini Lungime (mm) &#8211; 24 Latime (mm) &#8211; 15 \u00cen\u0103l\u021bime (mm) &#8211; 17 Diametrul interior (mm) &#8211; 10 Greutate (g) &#8211; 27<\/p>","protected":false},"featured_media":2550,"template":"","meta":[],"product_cat":[64],"product_tag":[],"class_list":{"0":"post-2549","1":"product","2":"type-product","3":"status-publish","4":"has-post-thumbnail","6":"product_cat-piese-auto","8":"first","9":"instock","10":"shipping-taxable","11":"product-type-simple"},"_links":{"self":[{"href":"https:\/\/motovitalex.md\/ru\/wp-json\/wp\/v2\/product\/2549","targetHints":{"allow":["GET"]}}],"collection":[{"href":"https:\/\/motovitalex.md\/ru\/wp-json\/wp\/v2\/product"}],"about":[{"href":"https:\/\/motovitalex.md\/ru\/wp-json\/wp\/v2\/types\/product"}],"version-history":[{"count":1,"href":"https:\/\/motovitalex.md\/ru\/wp-json\/wp\/v2\/product\/2549\/revisions"}],"predecessor-version":[{"id":2551,"href":"https:\/\/motovitalex.md\/ru\/wp-json\/wp\/v2\/product\/2549\/revisions\/2551"}],"wp:featuredmedia":[{"embeddable":true,"href":"https:\/\/motovitalex.md\/ru\/wp-json\/wp\/v2\/media\/2550"}],"wp:attachment":[{"href":"https:\/\/motovitalex.md\/ru\/wp-json\/wp\/v2\/media?parent=2549"}],"wp:term":[{"taxonomy":"product_cat","embeddable":true,"href":"https:\/\/motovitalex.md\/ru\/wp-json\/wp\/v2\/product_cat?post=2549"},{"taxonomy":"product_tag","embeddable":true,"href":"https:\/\/motovitalex.md\/ru\/wp-json\/wp\/v2\/product_tag?post=2549"}],"curies":[{"name":"wp","href":"https:\/\/api.w.org\/{rel}","templated":true}]}}