{"id":2542,"date":"2025-01-10T18:30:22","date_gmt":"2025-01-10T18:30:22","guid":{"rendered":"https:\/\/motovitalex.md\/?post_type=product&#038;p=2542"},"modified":"2025-01-10T18:30:22","modified_gmt":"2025-01-10T18:30:22","slug":"furca-ambreiaj-cutie-de-viteze-mini","status":"publish","type":"product","link":"https:\/\/motovitalex.md\/ru\/product\/furca-ambreiaj-cutie-de-viteze-mini\/","title":{"rendered":"Furc\u0103 ambreiaj &#8211; Cutie de viteze Mini"},"content":{"rendered":"<p>Furc\u0103 ambreiaj &#8211; Cutie de viteze Mini<\/p>\n<p>Lungime (mm) &#8211; 48<\/p>\n<p>Latime (mm) &#8211; 42<\/p>\n<p>\u00cen\u0103l\u021bime (mm) &#8211; 20<\/p>\n<p>Diametrul interior (mm) &#8211; 15<\/p>\n<p>Greutate (g) &#8211; 65<\/p>","protected":false},"excerpt":{"rendered":"<p>Furc\u0103 ambreiaj &#8211; Cutie de viteze Mini Lungime (mm) &#8211; 48 Latime (mm) &#8211; 42 \u00cen\u0103l\u021bime (mm) &#8211; 20 Diametrul interior (mm) &#8211; 15 Greutate (g) &#8211; 65<\/p>","protected":false},"featured_media":2543,"template":"","meta":[],"product_cat":[64],"product_tag":[],"class_list":{"0":"post-2542","1":"product","2":"type-product","3":"status-publish","4":"has-post-thumbnail","6":"product_cat-piese-auto","8":"first","9":"instock","10":"shipping-taxable","11":"product-type-simple"},"_links":{"self":[{"href":"https:\/\/motovitalex.md\/ru\/wp-json\/wp\/v2\/product\/2542","targetHints":{"allow":["GET"]}}],"collection":[{"href":"https:\/\/motovitalex.md\/ru\/wp-json\/wp\/v2\/product"}],"about":[{"href":"https:\/\/motovitalex.md\/ru\/wp-json\/wp\/v2\/types\/product"}],"version-history":[{"count":2,"href":"https:\/\/motovitalex.md\/ru\/wp-json\/wp\/v2\/product\/2542\/revisions"}],"predecessor-version":[{"id":2545,"href":"https:\/\/motovitalex.md\/ru\/wp-json\/wp\/v2\/product\/2542\/revisions\/2545"}],"wp:featuredmedia":[{"embeddable":true,"href":"https:\/\/motovitalex.md\/ru\/wp-json\/wp\/v2\/media\/2543"}],"wp:attachment":[{"href":"https:\/\/motovitalex.md\/ru\/wp-json\/wp\/v2\/media?parent=2542"}],"wp:term":[{"taxonomy":"product_cat","embeddable":true,"href":"https:\/\/motovitalex.md\/ru\/wp-json\/wp\/v2\/product_cat?post=2542"},{"taxonomy":"product_tag","embeddable":true,"href":"https:\/\/motovitalex.md\/ru\/wp-json\/wp\/v2\/product_tag?post=2542"}],"curies":[{"name":"wp","href":"https:\/\/api.w.org\/{rel}","templated":true}]}}