{"id":2492,"date":"2025-01-10T17:24:03","date_gmt":"2025-01-10T17:24:03","guid":{"rendered":"https:\/\/motovitalex.md\/?post_type=product&#038;p=2492"},"modified":"2025-01-10T17:24:03","modified_gmt":"2025-01-10T17:24:03","slug":"senzor-extern-de-nivel-ulei-releu-188f","status":"publish","type":"product","link":"https:\/\/motovitalex.md\/ru\/product\/senzor-extern-de-nivel-ulei-releu-188f\/","title":{"rendered":"Senzor extern de nivel ulei (releu) &#8211; 188F"},"content":{"rendered":"<p>Senzor extern de nivel de ulei &#8211; 188F (releu) este potrivit pentru motoarele pe benzin\u0103 ale tractoarelor, motocultoare, generatoare, freze de z\u0103pad\u0103 \u0219i alte echipamente, cu o putere de 13 CP. aer r\u0103cit.<\/p>\n<p>Greutate (gr.) &#8211; 16<\/p>","protected":false},"excerpt":{"rendered":"<p>Senzor extern de nivel de ulei &#8211; 188F (releu) este potrivit pentru motoarele pe benzin\u0103 ale tractoarelor, motocultoare, generatoare, freze de z\u0103pad\u0103 \u0219i alte echipamente, cu o putere de 13 CP. aer r\u0103cit. Greutate (gr.) &#8211; 16<\/p>","protected":false},"featured_media":2493,"template":"","meta":[],"product_cat":[64],"product_tag":[],"class_list":{"0":"post-2492","1":"product","2":"type-product","3":"status-publish","4":"has-post-thumbnail","6":"product_cat-piese-auto","8":"first","9":"instock","10":"shipping-taxable","11":"product-type-simple"},"_links":{"self":[{"href":"https:\/\/motovitalex.md\/ru\/wp-json\/wp\/v2\/product\/2492","targetHints":{"allow":["GET"]}}],"collection":[{"href":"https:\/\/motovitalex.md\/ru\/wp-json\/wp\/v2\/product"}],"about":[{"href":"https:\/\/motovitalex.md\/ru\/wp-json\/wp\/v2\/types\/product"}],"version-history":[{"count":1,"href":"https:\/\/motovitalex.md\/ru\/wp-json\/wp\/v2\/product\/2492\/revisions"}],"predecessor-version":[{"id":2494,"href":"https:\/\/motovitalex.md\/ru\/wp-json\/wp\/v2\/product\/2492\/revisions\/2494"}],"wp:featuredmedia":[{"embeddable":true,"href":"https:\/\/motovitalex.md\/ru\/wp-json\/wp\/v2\/media\/2493"}],"wp:attachment":[{"href":"https:\/\/motovitalex.md\/ru\/wp-json\/wp\/v2\/media?parent=2492"}],"wp:term":[{"taxonomy":"product_cat","embeddable":true,"href":"https:\/\/motovitalex.md\/ru\/wp-json\/wp\/v2\/product_cat?post=2492"},{"taxonomy":"product_tag","embeddable":true,"href":"https:\/\/motovitalex.md\/ru\/wp-json\/wp\/v2\/product_tag?post=2492"}],"curies":[{"name":"wp","href":"https:\/\/api.w.org\/{rel}","templated":true}]}}