{"id":2486,"date":"2025-01-10T17:19:28","date_gmt":"2025-01-10T17:19:28","guid":{"rendered":"https:\/\/motovitalex.md\/?post_type=product&#038;p=2486"},"modified":"2025-01-10T17:19:28","modified_gmt":"2025-01-10T17:19:28","slug":"rolie-de-pornire-manuala-sticla-demaror-188f","status":"publish","type":"product","link":"https:\/\/motovitalex.md\/ru\/product\/rolie-de-pornire-manuala-sticla-demaror-188f\/","title":{"rendered":"Rolie de pornire manual\u0103 (sticl\u0103 demaror) &#8211; 188F"},"content":{"rendered":"<p>Rolie de pornire manual\u0103 (cup\u0103 de pornire) &#8211; 188F este potrivit\u0103 pentru motoarele pe benzin\u0103 ale tractoarelor, motocultoare, motopompe, freze de z\u0103pad\u0103 \u0219i alte echipamente, cu o putere de 13 CP. aer r\u0103cit.<\/p>\n<p>\u00cen\u0103l\u021bimea cupei (mm) &#8211; 69<\/p>\n<p>Diametru (mm) &#8211; 64,5<\/p>\n<p>Greutate (gr.) &#8211; 185<\/p>","protected":false},"excerpt":{"rendered":"<p>Rolie de pornire manual\u0103 (cup\u0103 de pornire) &#8211; 188F este potrivit\u0103 pentru motoarele pe benzin\u0103 ale tractoarelor, motocultoare, motopompe, freze de z\u0103pad\u0103 \u0219i alte echipamente, cu o putere de 13 CP. aer r\u0103cit. \u00cen\u0103l\u021bimea cupei (mm) &#8211; 69 Diametru (mm) &#8211; 64,5 Greutate (gr.) &#8211; 185<\/p>","protected":false},"featured_media":2487,"template":"","meta":[],"product_cat":[64],"product_tag":[],"class_list":{"0":"post-2486","1":"product","2":"type-product","3":"status-publish","4":"has-post-thumbnail","6":"product_cat-piese-auto","8":"first","9":"instock","10":"shipping-taxable","11":"product-type-simple"},"_links":{"self":[{"href":"https:\/\/motovitalex.md\/ru\/wp-json\/wp\/v2\/product\/2486","targetHints":{"allow":["GET"]}}],"collection":[{"href":"https:\/\/motovitalex.md\/ru\/wp-json\/wp\/v2\/product"}],"about":[{"href":"https:\/\/motovitalex.md\/ru\/wp-json\/wp\/v2\/types\/product"}],"version-history":[{"count":1,"href":"https:\/\/motovitalex.md\/ru\/wp-json\/wp\/v2\/product\/2486\/revisions"}],"predecessor-version":[{"id":2488,"href":"https:\/\/motovitalex.md\/ru\/wp-json\/wp\/v2\/product\/2486\/revisions\/2488"}],"wp:featuredmedia":[{"embeddable":true,"href":"https:\/\/motovitalex.md\/ru\/wp-json\/wp\/v2\/media\/2487"}],"wp:attachment":[{"href":"https:\/\/motovitalex.md\/ru\/wp-json\/wp\/v2\/media?parent=2486"}],"wp:term":[{"taxonomy":"product_cat","embeddable":true,"href":"https:\/\/motovitalex.md\/ru\/wp-json\/wp\/v2\/product_cat?post=2486"},{"taxonomy":"product_tag","embeddable":true,"href":"https:\/\/motovitalex.md\/ru\/wp-json\/wp\/v2\/product_tag?post=2486"}],"curies":[{"name":"wp","href":"https:\/\/api.w.org\/{rel}","templated":true}]}}