{"id":2483,"date":"2025-01-10T17:16:54","date_gmt":"2025-01-10T17:16:54","guid":{"rendered":"https:\/\/motovitalex.md\/?post_type=product&#038;p=2483"},"modified":"2025-01-10T17:16:54","modified_gmt":"2025-01-10T17:16:54","slug":"pompa-de-ulei-188f","status":"publish","type":"product","link":"https:\/\/motovitalex.md\/ru\/product\/pompa-de-ulei-188f\/","title":{"rendered":"Pompa de ulei &#8211; 188F"},"content":{"rendered":"<p>Pompa de ulei &#8211; 188F este potrivit\u0103 pentru motoarele pe benzin\u0103 ale tractoarelor, motocultoare, motopompe, freze de z\u0103pad\u0103 \u0219i alte echipamente, cu o putere de 13-15 CP. aer r\u0103cit.<\/p>\n<p>Material angrenaj &#8211; plastic.<\/p>\n<p>Num\u0103r de din\u021bi (buc.) &#8211; 31<\/p>\n<p>Greutate (gr.) &#8211; 5<\/p>","protected":false},"excerpt":{"rendered":"<p>Pompa de ulei &#8211; 188F este potrivit\u0103 pentru motoarele pe benzin\u0103 ale tractoarelor, motocultoare, motopompe, freze de z\u0103pad\u0103 \u0219i alte echipamente, cu o putere de 13-15 CP. aer r\u0103cit. Material angrenaj &#8211; plastic. Num\u0103r de din\u021bi (buc.) &#8211; 31 Greutate (gr.) &#8211; 5<\/p>","protected":false},"featured_media":2484,"template":"","meta":[],"product_cat":[64],"product_tag":[],"class_list":{"0":"post-2483","1":"product","2":"type-product","3":"status-publish","4":"has-post-thumbnail","6":"product_cat-piese-auto","8":"first","9":"instock","10":"shipping-taxable","11":"product-type-simple"},"_links":{"self":[{"href":"https:\/\/motovitalex.md\/ru\/wp-json\/wp\/v2\/product\/2483","targetHints":{"allow":["GET"]}}],"collection":[{"href":"https:\/\/motovitalex.md\/ru\/wp-json\/wp\/v2\/product"}],"about":[{"href":"https:\/\/motovitalex.md\/ru\/wp-json\/wp\/v2\/types\/product"}],"version-history":[{"count":1,"href":"https:\/\/motovitalex.md\/ru\/wp-json\/wp\/v2\/product\/2483\/revisions"}],"predecessor-version":[{"id":2485,"href":"https:\/\/motovitalex.md\/ru\/wp-json\/wp\/v2\/product\/2483\/revisions\/2485"}],"wp:featuredmedia":[{"embeddable":true,"href":"https:\/\/motovitalex.md\/ru\/wp-json\/wp\/v2\/media\/2484"}],"wp:attachment":[{"href":"https:\/\/motovitalex.md\/ru\/wp-json\/wp\/v2\/media?parent=2483"}],"wp:term":[{"taxonomy":"product_cat","embeddable":true,"href":"https:\/\/motovitalex.md\/ru\/wp-json\/wp\/v2\/product_cat?post=2483"},{"taxonomy":"product_tag","embeddable":true,"href":"https:\/\/motovitalex.md\/ru\/wp-json\/wp\/v2\/product_tag?post=2483"}],"curies":[{"name":"wp","href":"https:\/\/api.w.org\/{rel}","templated":true}]}}