{"id":2480,"date":"2025-01-10T17:14:00","date_gmt":"2025-01-10T17:14:00","guid":{"rendered":"https:\/\/motovitalex.md\/?post_type=product&#038;p=2480"},"modified":"2025-01-10T17:14:01","modified_gmt":"2025-01-10T17:14:01","slug":"joja-de-ulei-188f","status":"publish","type":"product","link":"https:\/\/motovitalex.md\/ru\/product\/joja-de-ulei-188f\/","title":{"rendered":"Joja de ulei &#8211; 188F"},"content":{"rendered":"<p>Sonda de nivel de ulei &#8211; 188F este potrivit\u0103 pentru motoarele pe benzin\u0103 ale tractoarelor, motocultoare, motopompe, freze de z\u0103pad\u0103 \u0219i alte echipamente, cu o putere de 13 CP. aer r\u0103cit.<\/p>\n<p>Material &#8211; plastic.<\/p>\n<p>Lungime total\u0103 (mm) &#8211; 85<\/p>\n<p>Greutate (gr.) &#8211; 8<\/p>","protected":false},"excerpt":{"rendered":"<p>Sonda de nivel de ulei &#8211; 188F este potrivit\u0103 pentru motoarele pe benzin\u0103 ale tractoarelor, motocultoare, motopompe, freze de z\u0103pad\u0103 \u0219i alte echipamente, cu o putere de 13 CP. aer r\u0103cit. Material &#8211; plastic. Lungime total\u0103 (mm) &#8211; 85 Greutate (gr.) &#8211; 8<\/p>","protected":false},"featured_media":2481,"template":"","meta":[],"product_cat":[64],"product_tag":[],"class_list":{"0":"post-2480","1":"product","2":"type-product","3":"status-publish","4":"has-post-thumbnail","6":"product_cat-piese-auto","8":"first","9":"instock","10":"shipping-taxable","11":"product-type-simple"},"_links":{"self":[{"href":"https:\/\/motovitalex.md\/ru\/wp-json\/wp\/v2\/product\/2480","targetHints":{"allow":["GET"]}}],"collection":[{"href":"https:\/\/motovitalex.md\/ru\/wp-json\/wp\/v2\/product"}],"about":[{"href":"https:\/\/motovitalex.md\/ru\/wp-json\/wp\/v2\/types\/product"}],"version-history":[{"count":1,"href":"https:\/\/motovitalex.md\/ru\/wp-json\/wp\/v2\/product\/2480\/revisions"}],"predecessor-version":[{"id":2482,"href":"https:\/\/motovitalex.md\/ru\/wp-json\/wp\/v2\/product\/2480\/revisions\/2482"}],"wp:featuredmedia":[{"embeddable":true,"href":"https:\/\/motovitalex.md\/ru\/wp-json\/wp\/v2\/media\/2481"}],"wp:attachment":[{"href":"https:\/\/motovitalex.md\/ru\/wp-json\/wp\/v2\/media?parent=2480"}],"wp:term":[{"taxonomy":"product_cat","embeddable":true,"href":"https:\/\/motovitalex.md\/ru\/wp-json\/wp\/v2\/product_cat?post=2480"},{"taxonomy":"product_tag","embeddable":true,"href":"https:\/\/motovitalex.md\/ru\/wp-json\/wp\/v2\/product_tag?post=2480"}],"curies":[{"name":"wp","href":"https:\/\/api.w.org\/{rel}","templated":true}]}}