{"id":2460,"date":"2025-01-10T16:56:18","date_gmt":"2025-01-10T16:56:18","guid":{"rendered":"https:\/\/motovitalex.md\/?post_type=product&#038;p=2460"},"modified":"2025-01-10T16:56:18","modified_gmt":"2025-01-10T16:56:18","slug":"capac-rezervor-combustibil-188f","status":"publish","type":"product","link":"https:\/\/motovitalex.md\/ru\/product\/capac-rezervor-combustibil-188f\/","title":{"rendered":"Capac rezervor combustibil &#8211; 188F"},"content":{"rendered":"<p>Capacul rezervorului de combustibil &#8211; 188F este potrivit pentru motoarele pe benzin\u0103 ale tractoarelor, motocultoare, motopompe, freze de z\u0103pad\u0103 \u0219i alte echipamente, cu o putere de 13 CP. aer r\u0103cit.<\/p>\n<p>Diametru filet (mm) &#8211; 39<\/p>\n<p>\u00cen\u0103l\u021bimea total\u0103 (mm) &#8211; 37<\/p>\n<p>Greutate (g) &#8211; 70<\/p>","protected":false},"excerpt":{"rendered":"<p>Capacul rezervorului de combustibil &#8211; 188F este potrivit pentru motoarele pe benzin\u0103 ale tractoarelor, motocultoare, motopompe, freze de z\u0103pad\u0103 \u0219i alte echipamente, cu o putere de 13 CP. aer r\u0103cit. Diametru filet (mm) &#8211; 39 \u00cen\u0103l\u021bimea total\u0103 (mm) &#8211; 37 Greutate (g) &#8211; 70<\/p>","protected":false},"featured_media":2461,"template":"","meta":[],"product_cat":[64],"product_tag":[],"class_list":{"0":"post-2460","1":"product","2":"type-product","3":"status-publish","4":"has-post-thumbnail","6":"product_cat-piese-auto","8":"first","9":"instock","10":"shipping-taxable","11":"product-type-simple"},"_links":{"self":[{"href":"https:\/\/motovitalex.md\/ru\/wp-json\/wp\/v2\/product\/2460","targetHints":{"allow":["GET"]}}],"collection":[{"href":"https:\/\/motovitalex.md\/ru\/wp-json\/wp\/v2\/product"}],"about":[{"href":"https:\/\/motovitalex.md\/ru\/wp-json\/wp\/v2\/types\/product"}],"version-history":[{"count":1,"href":"https:\/\/motovitalex.md\/ru\/wp-json\/wp\/v2\/product\/2460\/revisions"}],"predecessor-version":[{"id":2462,"href":"https:\/\/motovitalex.md\/ru\/wp-json\/wp\/v2\/product\/2460\/revisions\/2462"}],"wp:featuredmedia":[{"embeddable":true,"href":"https:\/\/motovitalex.md\/ru\/wp-json\/wp\/v2\/media\/2461"}],"wp:attachment":[{"href":"https:\/\/motovitalex.md\/ru\/wp-json\/wp\/v2\/media?parent=2460"}],"wp:term":[{"taxonomy":"product_cat","embeddable":true,"href":"https:\/\/motovitalex.md\/ru\/wp-json\/wp\/v2\/product_cat?post=2460"},{"taxonomy":"product_tag","embeddable":true,"href":"https:\/\/motovitalex.md\/ru\/wp-json\/wp\/v2\/product_tag?post=2460"}],"curies":[{"name":"wp","href":"https:\/\/api.w.org\/{rel}","templated":true}]}}