{"id":2457,"date":"2025-01-10T16:53:53","date_gmt":"2025-01-10T16:53:53","guid":{"rendered":"https:\/\/motovitalex.md\/?post_type=product&#038;p=2457"},"modified":"2025-01-10T16:53:53","modified_gmt":"2025-01-10T16:53:53","slug":"bobina-de-inalta-tensiune-cu-bujie-pentru-motor-pe-benzina-188f","status":"publish","type":"product","link":"https:\/\/motovitalex.md\/ru\/product\/bobina-de-inalta-tensiune-cu-bujie-pentru-motor-pe-benzina-188f\/","title":{"rendered":"Bobina de inalta tensiune cu bujie, pentru motor pe benzina 188F"},"content":{"rendered":"<p>Bobina de \u00eenalt\u0103 tensiune cu bujie, conceput\u0103 pentru motoarele pe benzin\u0103 188F, este un dispozitiv electronic care genereaz\u0103 \u0219i furnizeaz\u0103 tensiune \u00eenalt\u0103 bujiei. Bujia, cunoscut\u0103 \u0219i sub denumirea de bujie incandescent\u0103, are func\u021bia de a pre\u00eenc\u0103lzi amestecul aer-combustibil din cilindru \u00eenainte de aprindere, \u00een special la temperaturi sc\u0103zute. Scopul principal al unei bobine de \u00eenalt\u0103 tensiune este de a crea impulsul electric de \u00eenalt\u0103 tensiune necesar pentru a forma \u0219i transmite o sc\u00e2nteie la bujie. Aceast\u0103 sc\u00e2nteie ini\u021biaz\u0103 procesul de ardere a amestecului aer-combustibil din cilindru, pornind motorul. Utilizarea unei bobine de \u00eenalt\u0103 tensiune cu bujie este deosebit de important\u0103 la pornirea motorului \u00een condi\u021bii de temperatur\u0103 sc\u0103zut\u0103. Bujia asigur\u0103 o aprindere fiabil\u0103 \u00een condi\u021bii de frig, ceea ce \u00eembun\u0103t\u0103\u021be\u0219te fiabilitatea pornirii motorului. Aceste mulinete sunt potrivite pentru diverse tipuri de echipamente, cum ar fi tractoare, motocultoare, generatoare, freze de z\u0103pad\u0103 \u0219i alte dispozitive echipate cu motoare pe benzin\u0103 de 13 CP. aer r\u0103cit. Astfel, acest dispozitiv joac\u0103 un rol cheie \u00een sistemul de aprindere, asigur\u00e2nd pornirea stabil\u0103 \u0219i func\u021bionarea eficient\u0103 a motorului \u00een diferite condi\u021bii de func\u021bionare.<\/p>","protected":false},"excerpt":{"rendered":"<p>Bobina de \u00eenalt\u0103 tensiune cu bujie, conceput\u0103 pentru motoarele pe benzin\u0103 188F, este un dispozitiv electronic care genereaz\u0103 \u0219i furnizeaz\u0103 tensiune \u00eenalt\u0103 bujiei. Bujia, cunoscut\u0103 \u0219i sub denumirea de bujie incandescent\u0103, are func\u021bia de a pre\u00eenc\u0103lzi amestecul aer-combustibil din cilindru \u00eenainte de aprindere, \u00een special la temperaturi sc\u0103zute. Scopul principal al unei bobine de \u00eenalt\u0103&hellip;<\/p>","protected":false},"featured_media":2458,"template":"","meta":[],"product_cat":[64],"product_tag":[],"class_list":{"0":"post-2457","1":"product","2":"type-product","3":"status-publish","4":"has-post-thumbnail","6":"product_cat-piese-auto","8":"first","9":"instock","10":"shipping-taxable","11":"product-type-simple"},"_links":{"self":[{"href":"https:\/\/motovitalex.md\/ru\/wp-json\/wp\/v2\/product\/2457","targetHints":{"allow":["GET"]}}],"collection":[{"href":"https:\/\/motovitalex.md\/ru\/wp-json\/wp\/v2\/product"}],"about":[{"href":"https:\/\/motovitalex.md\/ru\/wp-json\/wp\/v2\/types\/product"}],"version-history":[{"count":1,"href":"https:\/\/motovitalex.md\/ru\/wp-json\/wp\/v2\/product\/2457\/revisions"}],"predecessor-version":[{"id":2459,"href":"https:\/\/motovitalex.md\/ru\/wp-json\/wp\/v2\/product\/2457\/revisions\/2459"}],"wp:featuredmedia":[{"embeddable":true,"href":"https:\/\/motovitalex.md\/ru\/wp-json\/wp\/v2\/media\/2458"}],"wp:attachment":[{"href":"https:\/\/motovitalex.md\/ru\/wp-json\/wp\/v2\/media?parent=2457"}],"wp:term":[{"taxonomy":"product_cat","embeddable":true,"href":"https:\/\/motovitalex.md\/ru\/wp-json\/wp\/v2\/product_cat?post=2457"},{"taxonomy":"product_tag","embeddable":true,"href":"https:\/\/motovitalex.md\/ru\/wp-json\/wp\/v2\/product_tag?post=2457"}],"curies":[{"name":"wp","href":"https:\/\/api.w.org\/{rel}","templated":true}]}}