{"id":2454,"date":"2025-01-10T16:48:33","date_gmt":"2025-01-10T16:48:33","guid":{"rendered":"https:\/\/motovitalex.md\/?post_type=product&#038;p=2454"},"modified":"2025-01-10T16:48:33","modified_gmt":"2025-01-10T16:48:33","slug":"bobina-alternator-188f","status":"publish","type":"product","link":"https:\/\/motovitalex.md\/ru\/product\/bobina-alternator-188f\/","title":{"rendered":"Bobina alternator &#8211; 188F"},"content":{"rendered":"<p>Bobina generatorului &#8211; 188F este potrivit\u0103 pentru motoarele pe benzin\u0103 ale tractoarelor, motocultoare, generatoare, freze de z\u0103pad\u0103 \u0219i alte echipamente, cu o putere de 13 CP. aer r\u0103cit.<\/p>\n<p>\u00cenf\u0103\u0219urare &#8211; cupru.<\/p>\n<p>Distan\u021ba dintre elementele de fixare cu \u0219uruburi (mm) &#8211; 74<\/p>\n<p>Greutate (gr.) &#8211; 170<\/p>","protected":false},"excerpt":{"rendered":"<p>Bobina generatorului &#8211; 188F este potrivit\u0103 pentru motoarele pe benzin\u0103 ale tractoarelor, motocultoare, generatoare, freze de z\u0103pad\u0103 \u0219i alte echipamente, cu o putere de 13 CP. aer r\u0103cit. \u00cenf\u0103\u0219urare &#8211; cupru. Distan\u021ba dintre elementele de fixare cu \u0219uruburi (mm) &#8211; 74 Greutate (gr.) &#8211; 170<\/p>","protected":false},"featured_media":2455,"template":"","meta":[],"product_cat":[64],"product_tag":[],"class_list":{"0":"post-2454","1":"product","2":"type-product","3":"status-publish","4":"has-post-thumbnail","6":"product_cat-piese-auto","8":"first","9":"instock","10":"shipping-taxable","11":"product-type-simple"},"_links":{"self":[{"href":"https:\/\/motovitalex.md\/ru\/wp-json\/wp\/v2\/product\/2454","targetHints":{"allow":["GET"]}}],"collection":[{"href":"https:\/\/motovitalex.md\/ru\/wp-json\/wp\/v2\/product"}],"about":[{"href":"https:\/\/motovitalex.md\/ru\/wp-json\/wp\/v2\/types\/product"}],"version-history":[{"count":1,"href":"https:\/\/motovitalex.md\/ru\/wp-json\/wp\/v2\/product\/2454\/revisions"}],"predecessor-version":[{"id":2456,"href":"https:\/\/motovitalex.md\/ru\/wp-json\/wp\/v2\/product\/2454\/revisions\/2456"}],"wp:featuredmedia":[{"embeddable":true,"href":"https:\/\/motovitalex.md\/ru\/wp-json\/wp\/v2\/media\/2455"}],"wp:attachment":[{"href":"https:\/\/motovitalex.md\/ru\/wp-json\/wp\/v2\/media?parent=2454"}],"wp:term":[{"taxonomy":"product_cat","embeddable":true,"href":"https:\/\/motovitalex.md\/ru\/wp-json\/wp\/v2\/product_cat?post=2454"},{"taxonomy":"product_tag","embeddable":true,"href":"https:\/\/motovitalex.md\/ru\/wp-json\/wp\/v2\/product_tag?post=2454"}],"curies":[{"name":"wp","href":"https:\/\/api.w.org\/{rel}","templated":true}]}}