{"id":2451,"date":"2025-01-10T16:46:28","date_gmt":"2025-01-10T16:46:28","guid":{"rendered":"https:\/\/motovitalex.md\/?post_type=product&#038;p=2451"},"modified":"2025-01-10T16:46:28","modified_gmt":"2025-01-10T16:46:28","slug":"arc-de-pornire-188f","status":"publish","type":"product","link":"https:\/\/motovitalex.md\/ru\/product\/arc-de-pornire-188f\/","title":{"rendered":"Arc de pornire &#8211; 188F"},"content":{"rendered":"<p>Arcul de pornire &#8211; 188F este potrivit pentru motoarele pe benzin\u0103 ale tractoarelor, motocultoare, motopompe, freze de z\u0103pad\u0103 \u0219i alte echipamente, cu o putere de 13 CP. aer r\u0103cit.<\/p>\n<p>Diametrul \u00eenf\u0103\u0219ur\u0103rii (mm) &#8211; 59<\/p>\n<p>L\u0103\u021bimea arcului (mm) &#8211; 8<\/p>\n<p>Greutate (gr.) &#8211; 55<\/p>","protected":false},"excerpt":{"rendered":"<p>Arcul de pornire &#8211; 188F este potrivit pentru motoarele pe benzin\u0103 ale tractoarelor, motocultoare, motopompe, freze de z\u0103pad\u0103 \u0219i alte echipamente, cu o putere de 13 CP. aer r\u0103cit. Diametrul \u00eenf\u0103\u0219ur\u0103rii (mm) &#8211; 59 L\u0103\u021bimea arcului (mm) &#8211; 8 Greutate (gr.) &#8211; 55<\/p>","protected":false},"featured_media":2452,"template":"","meta":[],"product_cat":[64],"product_tag":[],"class_list":{"0":"post-2451","1":"product","2":"type-product","3":"status-publish","4":"has-post-thumbnail","6":"product_cat-piese-auto","8":"first","9":"instock","10":"shipping-taxable","11":"product-type-simple"},"_links":{"self":[{"href":"https:\/\/motovitalex.md\/ru\/wp-json\/wp\/v2\/product\/2451","targetHints":{"allow":["GET"]}}],"collection":[{"href":"https:\/\/motovitalex.md\/ru\/wp-json\/wp\/v2\/product"}],"about":[{"href":"https:\/\/motovitalex.md\/ru\/wp-json\/wp\/v2\/types\/product"}],"version-history":[{"count":1,"href":"https:\/\/motovitalex.md\/ru\/wp-json\/wp\/v2\/product\/2451\/revisions"}],"predecessor-version":[{"id":2453,"href":"https:\/\/motovitalex.md\/ru\/wp-json\/wp\/v2\/product\/2451\/revisions\/2453"}],"wp:featuredmedia":[{"embeddable":true,"href":"https:\/\/motovitalex.md\/ru\/wp-json\/wp\/v2\/media\/2452"}],"wp:attachment":[{"href":"https:\/\/motovitalex.md\/ru\/wp-json\/wp\/v2\/media?parent=2451"}],"wp:term":[{"taxonomy":"product_cat","embeddable":true,"href":"https:\/\/motovitalex.md\/ru\/wp-json\/wp\/v2\/product_cat?post=2451"},{"taxonomy":"product_tag","embeddable":true,"href":"https:\/\/motovitalex.md\/ru\/wp-json\/wp\/v2\/product_tag?post=2451"}],"curies":[{"name":"wp","href":"https:\/\/api.w.org\/{rel}","templated":true}]}}