{"id":2448,"date":"2025-01-10T16:44:14","date_gmt":"2025-01-10T16:44:14","guid":{"rendered":"https:\/\/motovitalex.md\/?post_type=product&#038;p=2448"},"modified":"2025-01-10T16:44:14","modified_gmt":"2025-01-10T16:44:14","slug":"arborele-cu-came-z-58-188f","status":"publish","type":"product","link":"https:\/\/motovitalex.md\/ru\/product\/arborele-cu-came-z-58-188f\/","title":{"rendered":"Arborele cu came Z-58 &#8211; 188F"},"content":{"rendered":"<p>Arborele cu came Z-58 &#8211; 188F este potrivit pentru motoarele pe benzin\u0103 ale tractoarelor, motocultoare, motopompe, freze de z\u0103pad\u0103 \u0219i alte echipamente, cu o putere de 13 CP. aer r\u0103cit.<\/p>\n<p>Lungime total\u0103 (mm) &#8211; 122<\/p>\n<p>Diametrul angrenajului (mm) &#8211; 102<\/p>\n<p>Num\u0103r de din\u021bi (buc.) &#8211; 58<\/p>\n<p>Greutate (gr.) &#8211; 850<\/p>","protected":false},"excerpt":{"rendered":"<p>Arborele cu came Z-58 &#8211; 188F este potrivit pentru motoarele pe benzin\u0103 ale tractoarelor, motocultoare, motopompe, freze de z\u0103pad\u0103 \u0219i alte echipamente, cu o putere de 13 CP. aer r\u0103cit. Lungime total\u0103 (mm) &#8211; 122 Diametrul angrenajului (mm) &#8211; 102 Num\u0103r de din\u021bi (buc.) &#8211; 58 Greutate (gr.) &#8211; 850<\/p>","protected":false},"featured_media":2449,"template":"","meta":[],"product_cat":[64],"product_tag":[],"class_list":{"0":"post-2448","1":"product","2":"type-product","3":"status-publish","4":"has-post-thumbnail","6":"product_cat-piese-auto","8":"first","9":"instock","10":"shipping-taxable","11":"product-type-simple"},"_links":{"self":[{"href":"https:\/\/motovitalex.md\/ru\/wp-json\/wp\/v2\/product\/2448","targetHints":{"allow":["GET"]}}],"collection":[{"href":"https:\/\/motovitalex.md\/ru\/wp-json\/wp\/v2\/product"}],"about":[{"href":"https:\/\/motovitalex.md\/ru\/wp-json\/wp\/v2\/types\/product"}],"version-history":[{"count":1,"href":"https:\/\/motovitalex.md\/ru\/wp-json\/wp\/v2\/product\/2448\/revisions"}],"predecessor-version":[{"id":2450,"href":"https:\/\/motovitalex.md\/ru\/wp-json\/wp\/v2\/product\/2448\/revisions\/2450"}],"wp:featuredmedia":[{"embeddable":true,"href":"https:\/\/motovitalex.md\/ru\/wp-json\/wp\/v2\/media\/2449"}],"wp:attachment":[{"href":"https:\/\/motovitalex.md\/ru\/wp-json\/wp\/v2\/media?parent=2448"}],"wp:term":[{"taxonomy":"product_cat","embeddable":true,"href":"https:\/\/motovitalex.md\/ru\/wp-json\/wp\/v2\/product_cat?post=2448"},{"taxonomy":"product_tag","embeddable":true,"href":"https:\/\/motovitalex.md\/ru\/wp-json\/wp\/v2\/product_tag?post=2448"}],"curies":[{"name":"wp","href":"https:\/\/api.w.org\/{rel}","templated":true}]}}