{"id":2442,"date":"2025-01-10T16:39:15","date_gmt":"2025-01-10T16:39:15","guid":{"rendered":"https:\/\/motovitalex.md\/?post_type=product&#038;p=2442"},"modified":"2025-01-10T16:39:15","modified_gmt":"2025-01-10T16:39:15","slug":"ansamblu-filtru-de-aer-cu-baie-de-ulei-188f","status":"publish","type":"product","link":"https:\/\/motovitalex.md\/ru\/product\/ansamblu-filtru-de-aer-cu-baie-de-ulei-188f\/","title":{"rendered":"Ansamblu filtru de aer (cu baie de ulei) &#8211; 188F"},"content":{"rendered":"<p>Ansamblu filtru de aer (cu baie de ulei) &#8211; 188F este potrivit pentru motoarele pe benzin\u0103 ale tractoarelor, motocultoare, motopompe, freze de z\u0103pad\u0103 \u0219i alte echipamente, cu o putere de 13 CP. aer r\u0103cit.<\/p>\n<p>Dimensiuni, fara conducta de ramificatie L*L*H (mm) &#8211; 180*165*120<\/p>\n<p>Greutate (gr.) &#8211; 775<\/p>","protected":false},"excerpt":{"rendered":"<p>Ansamblu filtru de aer (cu baie de ulei) &#8211; 188F este potrivit pentru motoarele pe benzin\u0103 ale tractoarelor, motocultoare, motopompe, freze de z\u0103pad\u0103 \u0219i alte echipamente, cu o putere de 13 CP. aer r\u0103cit. Dimensiuni, fara conducta de ramificatie L*L*H (mm) &#8211; 180*165*120 Greutate (gr.) &#8211; 775<\/p>","protected":false},"featured_media":2443,"template":"","meta":[],"product_cat":[64],"product_tag":[],"class_list":{"0":"post-2442","1":"product","2":"type-product","3":"status-publish","4":"has-post-thumbnail","6":"product_cat-piese-auto","8":"first","9":"instock","10":"shipping-taxable","11":"product-type-simple"},"_links":{"self":[{"href":"https:\/\/motovitalex.md\/ru\/wp-json\/wp\/v2\/product\/2442","targetHints":{"allow":["GET"]}}],"collection":[{"href":"https:\/\/motovitalex.md\/ru\/wp-json\/wp\/v2\/product"}],"about":[{"href":"https:\/\/motovitalex.md\/ru\/wp-json\/wp\/v2\/types\/product"}],"version-history":[{"count":1,"href":"https:\/\/motovitalex.md\/ru\/wp-json\/wp\/v2\/product\/2442\/revisions"}],"predecessor-version":[{"id":2444,"href":"https:\/\/motovitalex.md\/ru\/wp-json\/wp\/v2\/product\/2442\/revisions\/2444"}],"wp:featuredmedia":[{"embeddable":true,"href":"https:\/\/motovitalex.md\/ru\/wp-json\/wp\/v2\/media\/2443"}],"wp:attachment":[{"href":"https:\/\/motovitalex.md\/ru\/wp-json\/wp\/v2\/media?parent=2442"}],"wp:term":[{"taxonomy":"product_cat","embeddable":true,"href":"https:\/\/motovitalex.md\/ru\/wp-json\/wp\/v2\/product_cat?post=2442"},{"taxonomy":"product_tag","embeddable":true,"href":"https:\/\/motovitalex.md\/ru\/wp-json\/wp\/v2\/product_tag?post=2442"}],"curies":[{"name":"wp","href":"https:\/\/api.w.org\/{rel}","templated":true}]}}