{"id":2439,"date":"2025-01-10T16:35:30","date_gmt":"2025-01-10T16:35:30","guid":{"rendered":"https:\/\/motovitalex.md\/?post_type=product&#038;p=2439"},"modified":"2025-01-10T16:35:30","modified_gmt":"2025-01-10T16:35:30","slug":"volan-coroana-z-98-188f","status":"publish","type":"product","link":"https:\/\/motovitalex.md\/ru\/product\/volan-coroana-z-98-188f\/","title":{"rendered":"Volan + coroana Z-98 &#8211; 188F"},"content":{"rendered":"<p>Volan cu coroan\u0103 Z-98 &#8211; 188F este potrivit pentru motoarele pe benzin\u0103 ale tractoarelor, generatoare etc., cu o putere de 13 CP. aer r\u0103cit.<\/p>\n<p>Material: fonta.<\/p>\n<p>Diametrul volantului cu coroan\u0103 (mm) &#8211; 203<\/p>\n<p>Latime (mm) &#8211; 46<\/p>\n<p>Num\u0103rul de din\u021bi pe coroan\u0103 (buc.) &#8211; 98<\/p>\n<p>Greutate (gr.) &#8211; 5500<\/p>","protected":false},"excerpt":{"rendered":"<p>Volan cu coroan\u0103 Z-98 &#8211; 188F este potrivit pentru motoarele pe benzin\u0103 ale tractoarelor, generatoare etc., cu o putere de 13 CP. aer r\u0103cit. Material: fonta. Diametrul volantului cu coroan\u0103 (mm) &#8211; 203 Latime (mm) &#8211; 46 Num\u0103rul de din\u021bi pe coroan\u0103 (buc.) &#8211; 98 Greutate (gr.) &#8211; 5500<\/p>","protected":false},"featured_media":2440,"template":"","meta":[],"product_cat":[64],"product_tag":[],"class_list":{"0":"post-2439","1":"product","2":"type-product","3":"status-publish","4":"has-post-thumbnail","6":"product_cat-piese-auto","8":"first","9":"instock","10":"shipping-taxable","11":"product-type-simple"},"_links":{"self":[{"href":"https:\/\/motovitalex.md\/ru\/wp-json\/wp\/v2\/product\/2439","targetHints":{"allow":["GET"]}}],"collection":[{"href":"https:\/\/motovitalex.md\/ru\/wp-json\/wp\/v2\/product"}],"about":[{"href":"https:\/\/motovitalex.md\/ru\/wp-json\/wp\/v2\/types\/product"}],"version-history":[{"count":1,"href":"https:\/\/motovitalex.md\/ru\/wp-json\/wp\/v2\/product\/2439\/revisions"}],"predecessor-version":[{"id":2441,"href":"https:\/\/motovitalex.md\/ru\/wp-json\/wp\/v2\/product\/2439\/revisions\/2441"}],"wp:featuredmedia":[{"embeddable":true,"href":"https:\/\/motovitalex.md\/ru\/wp-json\/wp\/v2\/media\/2440"}],"wp:attachment":[{"href":"https:\/\/motovitalex.md\/ru\/wp-json\/wp\/v2\/media?parent=2439"}],"wp:term":[{"taxonomy":"product_cat","embeddable":true,"href":"https:\/\/motovitalex.md\/ru\/wp-json\/wp\/v2\/product_cat?post=2439"},{"taxonomy":"product_tag","embeddable":true,"href":"https:\/\/motovitalex.md\/ru\/wp-json\/wp\/v2\/product_tag?post=2439"}],"curies":[{"name":"wp","href":"https:\/\/api.w.org\/{rel}","templated":true}]}}