{"id":2436,"date":"2025-01-10T16:32:32","date_gmt":"2025-01-10T16:32:32","guid":{"rendered":"https:\/\/motovitalex.md\/?post_type=product&#038;p=2436"},"modified":"2025-01-10T16:32:32","modified_gmt":"2025-01-10T16:32:32","slug":"supapepentru-motor-pe-benzina-188f","status":"publish","type":"product","link":"https:\/\/motovitalex.md\/ru\/product\/supapepentru-motor-pe-benzina-188f\/","title":{"rendered":"Supape,pentru motor pe benzin\u0103 188F"},"content":{"rendered":"<p>Set de supape conceput pentru motorul pe benzin\u0103 188F de 13 CP, r\u0103cit cu aer, joac\u0103 un rol important \u00een sistemul de control al arderii interne. Scopul s\u0103u principal este de a regla cu precizie fluxul de aer \u0219i combustibil \u00een cilindrii motorului. Func\u021bia principal\u0103 a supapelor este de a controla deschiderea \u0219i \u00eenchiderea pasajelor de aer \u0219i gaze de evacuare din cilindru. Acest proces de control este necesar pentru a controla cu precizie ciclul de ardere intern\u0103, asigur\u00e2nd furnizarea de aer proasp\u0103t \u0219i \u00eendep\u0103rtarea eficient\u0103 a gazelor de e\u0219apament dup\u0103 arderea combustibilului. Setul, format din dou\u0103 supape , interac\u021bioneaz\u0103 cu mi\u0219carea pistonului \u0219i alte procese ale motorului, asigur\u00e2nd o func\u021bionare armonioas\u0103. Acest lucru duce la ob\u021binerea unei eficien\u021be \u0219i performan\u021be optime a motoarelor pe benzin\u0103 care sunt instalate pe tractoare, motocultoare, freze de z\u0103pad\u0103 \u0219i echipamente similare.<\/p>","protected":false},"excerpt":{"rendered":"<p>Set de supape conceput pentru motorul pe benzin\u0103 188F de 13 CP, r\u0103cit cu aer, joac\u0103 un rol important \u00een sistemul de control al arderii interne. Scopul s\u0103u principal este de a regla cu precizie fluxul de aer \u0219i combustibil \u00een cilindrii motorului. Func\u021bia principal\u0103 a supapelor este de a controla deschiderea \u0219i \u00eenchiderea pasajelor&hellip;<\/p>","protected":false},"featured_media":2437,"template":"","meta":[],"product_cat":[64],"product_tag":[],"class_list":{"0":"post-2436","1":"product","2":"type-product","3":"status-publish","4":"has-post-thumbnail","6":"product_cat-piese-auto","8":"first","9":"instock","10":"shipping-taxable","11":"product-type-simple"},"_links":{"self":[{"href":"https:\/\/motovitalex.md\/ru\/wp-json\/wp\/v2\/product\/2436","targetHints":{"allow":["GET"]}}],"collection":[{"href":"https:\/\/motovitalex.md\/ru\/wp-json\/wp\/v2\/product"}],"about":[{"href":"https:\/\/motovitalex.md\/ru\/wp-json\/wp\/v2\/types\/product"}],"version-history":[{"count":1,"href":"https:\/\/motovitalex.md\/ru\/wp-json\/wp\/v2\/product\/2436\/revisions"}],"predecessor-version":[{"id":2438,"href":"https:\/\/motovitalex.md\/ru\/wp-json\/wp\/v2\/product\/2436\/revisions\/2438"}],"wp:featuredmedia":[{"embeddable":true,"href":"https:\/\/motovitalex.md\/ru\/wp-json\/wp\/v2\/media\/2437"}],"wp:attachment":[{"href":"https:\/\/motovitalex.md\/ru\/wp-json\/wp\/v2\/media?parent=2436"}],"wp:term":[{"taxonomy":"product_cat","embeddable":true,"href":"https:\/\/motovitalex.md\/ru\/wp-json\/wp\/v2\/product_cat?post=2436"},{"taxonomy":"product_tag","embeddable":true,"href":"https:\/\/motovitalex.md\/ru\/wp-json\/wp\/v2\/product_tag?post=2436"}],"curies":[{"name":"wp","href":"https:\/\/api.w.org\/{rel}","templated":true}]}}