{"id":2426,"date":"2025-01-10T16:23:16","date_gmt":"2025-01-10T16:23:16","guid":{"rendered":"https:\/\/motovitalex.md\/?post_type=product&#038;p=2426"},"modified":"2025-01-10T16:23:16","modified_gmt":"2025-01-10T16:23:16","slug":"maner-starter-franghie-188f","status":"publish","type":"product","link":"https:\/\/motovitalex.md\/ru\/product\/maner-starter-franghie-188f\/","title":{"rendered":"M\u00e2ner starter + fr\u00e2nghie &#8211; 188F"},"content":{"rendered":"<p>M\u00e2ner demaror cu fr\u00e2nghie &#8211; 188F este potrivit pentru motoarele pe benzin\u0103 ale tractoarelor, motocultoare, motopompe, freze de z\u0103pad\u0103 \u0219i alte echipamente, cu o putere de 13 CP. aer r\u0103cit.<\/p>\n<p>Lungimea fr\u00e2nghiei (mm) &#8211; 1450<\/p>\n<p>Diametru (mm) &#8211; 5<\/p>\n<p>Greutate (gr.) &#8211; 32<\/p>","protected":false},"excerpt":{"rendered":"<p>M\u00e2ner demaror cu fr\u00e2nghie &#8211; 188F este potrivit pentru motoarele pe benzin\u0103 ale tractoarelor, motocultoare, motopompe, freze de z\u0103pad\u0103 \u0219i alte echipamente, cu o putere de 13 CP. aer r\u0103cit. Lungimea fr\u00e2nghiei (mm) &#8211; 1450 Diametru (mm) &#8211; 5 Greutate (gr.) &#8211; 32<\/p>","protected":false},"featured_media":2427,"template":"","meta":[],"product_cat":[64],"product_tag":[],"class_list":{"0":"post-2426","1":"product","2":"type-product","3":"status-publish","4":"has-post-thumbnail","6":"product_cat-piese-auto","8":"first","9":"instock","10":"shipping-taxable","11":"product-type-simple"},"_links":{"self":[{"href":"https:\/\/motovitalex.md\/ru\/wp-json\/wp\/v2\/product\/2426","targetHints":{"allow":["GET"]}}],"collection":[{"href":"https:\/\/motovitalex.md\/ru\/wp-json\/wp\/v2\/product"}],"about":[{"href":"https:\/\/motovitalex.md\/ru\/wp-json\/wp\/v2\/types\/product"}],"version-history":[{"count":1,"href":"https:\/\/motovitalex.md\/ru\/wp-json\/wp\/v2\/product\/2426\/revisions"}],"predecessor-version":[{"id":2428,"href":"https:\/\/motovitalex.md\/ru\/wp-json\/wp\/v2\/product\/2426\/revisions\/2428"}],"wp:featuredmedia":[{"embeddable":true,"href":"https:\/\/motovitalex.md\/ru\/wp-json\/wp\/v2\/media\/2427"}],"wp:attachment":[{"href":"https:\/\/motovitalex.md\/ru\/wp-json\/wp\/v2\/media?parent=2426"}],"wp:term":[{"taxonomy":"product_cat","embeddable":true,"href":"https:\/\/motovitalex.md\/ru\/wp-json\/wp\/v2\/product_cat?post=2426"},{"taxonomy":"product_tag","embeddable":true,"href":"https:\/\/motovitalex.md\/ru\/wp-json\/wp\/v2\/product_tag?post=2426"}],"curies":[{"name":"wp","href":"https:\/\/api.w.org\/{rel}","templated":true}]}}