{"id":2419,"date":"2025-01-10T16:12:25","date_gmt":"2025-01-10T16:12:25","guid":{"rendered":"https:\/\/motovitalex.md\/?post_type=product&#038;p=2419"},"modified":"2025-01-10T16:14:25","modified_gmt":"2025-01-10T16:14:25","slug":"demaror-manual-pentru-motor-pe-benzina-188f","status":"publish","type":"product","link":"https:\/\/motovitalex.md\/ru\/product\/demaror-manual-pentru-motor-pe-benzina-188f\/","title":{"rendered":"Demaror manual  pentru motor pe benzin\u0103 188F"},"content":{"rendered":"<p>Starter manual\u00a0 pentru motor pe benzin\u0103 188F &#8211; dispozitiv de pornire a motorului cu ardere intern\u0103.<\/p>\n<p><strong>\u00cen ciuda simplit\u0103\u021bii designului, acesta are o serie de avantaje:<\/strong><\/p>\n<p>\u2022 Fiabilitate: demarorul cu recul nu se bazeaz\u0103 pe surse de alimentare externe sau baterii. Acest lucru \u00eel face o modalitate fiabil\u0103 \u0219i stabil\u0103 de a porni motorul chiar \u0219i \u00een zone \u00eendep\u0103rtate sau \u00een situa\u021bii de urgen\u021b\u0103.<\/p>\n<p>\u2022 U\u0219urin\u021b\u0103 \u00een utilizare: De\u0219i necesit\u0103 efort fizic pentru a porni, demaroarele cu recul sunt de obicei echipate cu un m\u00e2ner ergonomic care permite o rotire confortabil\u0103 \u0219i convenabil\u0103. Este important doar s\u0103 urma\u021bi m\u0103surile de siguran\u021b\u0103 \u0219i s\u0103 efectua\u021bi corect procesul de pornire.<\/p>\n<p>\u2022 Economic: un demaror cu recul nu necesit\u0103 costuri suplimentare de combustibil sau electricitate pentru pornire. Acesta este un mod rentabil de a asigura func\u021bionarea motorului cu ardere intern\u0103.<\/p>\n<p>\u2022 U\u0219or de \u00eentre\u021binut: demarorul cu recul are un design simplu, ceea ce \u00eel face u\u0219or de \u00eentre\u021binut \u0219i accesibil pentru repara\u021bii dac\u0103 este necesar.<\/p>\n<p>\u2022 Foarte adaptabil: demarorul cu recul este potrivit pentru utilizare \u00eentr-o varietate de climate \u0219i \u00een situa\u021bii \u00een care demarorul electric sau alte sisteme pot s\u0103 nu fie disponibile sau eficiente.<\/p>","protected":false},"excerpt":{"rendered":"<p>Starter manual\u00a0 pentru motor pe benzin\u0103 188F &#8211; dispozitiv de pornire a motorului cu ardere intern\u0103. \u00cen ciuda simplit\u0103\u021bii designului, acesta are o serie de avantaje: \u2022 Fiabilitate: demarorul cu recul nu se bazeaz\u0103 pe surse de alimentare externe sau baterii. Acest lucru \u00eel face o modalitate fiabil\u0103 \u0219i stabil\u0103 de a porni motorul chiar&hellip;<\/p>","protected":false},"featured_media":2422,"template":"","meta":[],"product_cat":[64],"product_tag":[],"class_list":{"0":"post-2419","1":"product","2":"type-product","3":"status-publish","4":"has-post-thumbnail","6":"product_cat-piese-auto","8":"first","9":"instock","10":"shipping-taxable","11":"product-type-simple"},"_links":{"self":[{"href":"https:\/\/motovitalex.md\/ru\/wp-json\/wp\/v2\/product\/2419","targetHints":{"allow":["GET"]}}],"collection":[{"href":"https:\/\/motovitalex.md\/ru\/wp-json\/wp\/v2\/product"}],"about":[{"href":"https:\/\/motovitalex.md\/ru\/wp-json\/wp\/v2\/types\/product"}],"version-history":[{"count":1,"href":"https:\/\/motovitalex.md\/ru\/wp-json\/wp\/v2\/product\/2419\/revisions"}],"predecessor-version":[{"id":2421,"href":"https:\/\/motovitalex.md\/ru\/wp-json\/wp\/v2\/product\/2419\/revisions\/2421"}],"wp:featuredmedia":[{"embeddable":true,"href":"https:\/\/motovitalex.md\/ru\/wp-json\/wp\/v2\/media\/2422"}],"wp:attachment":[{"href":"https:\/\/motovitalex.md\/ru\/wp-json\/wp\/v2\/media?parent=2419"}],"wp:term":[{"taxonomy":"product_cat","embeddable":true,"href":"https:\/\/motovitalex.md\/ru\/wp-json\/wp\/v2\/product_cat?post=2419"},{"taxonomy":"product_tag","embeddable":true,"href":"https:\/\/motovitalex.md\/ru\/wp-json\/wp\/v2\/product_tag?post=2419"}],"curies":[{"name":"wp","href":"https:\/\/api.w.org\/{rel}","templated":true}]}}