{"id":2416,"date":"2025-01-10T16:06:25","date_gmt":"2025-01-10T16:06:25","guid":{"rendered":"https:\/\/motovitalex.md\/?post_type=product&#038;p=2416"},"modified":"2025-01-10T16:06:25","modified_gmt":"2025-01-10T16:06:25","slug":"culbutori-set-2-buc-188f","status":"publish","type":"product","link":"https:\/\/motovitalex.md\/ru\/product\/culbutori-set-2-buc-188f\/","title":{"rendered":"Culbutori,( set: 2 buc.) &#8211; 188F"},"content":{"rendered":"<p>Culbutorii (pereche) &#8211; 188F (pentru dou\u0103 supape) sunt potrivite pentru motoarele pe benzin\u0103 ale tractoarelor, motocultoare, motopompe, freze de z\u0103pad\u0103 \u0219i alte echipamente, cu o putere de 13 CP. aer r\u0103cit.<\/p>\n<p>Kit: culbutori, \u0219uruburi de reglare, piuli\u021be de blocare.<\/p>\n<p>Greutate (gr.) &#8211; 95<\/p>","protected":false},"excerpt":{"rendered":"<p>Culbutorii (pereche) &#8211; 188F (pentru dou\u0103 supape) sunt potrivite pentru motoarele pe benzin\u0103 ale tractoarelor, motocultoare, motopompe, freze de z\u0103pad\u0103 \u0219i alte echipamente, cu o putere de 13 CP. aer r\u0103cit. Kit: culbutori, \u0219uruburi de reglare, piuli\u021be de blocare. Greutate (gr.) &#8211; 95<\/p>","protected":false},"featured_media":2417,"template":"","meta":[],"product_cat":[64],"product_tag":[],"class_list":{"0":"post-2416","1":"product","2":"type-product","3":"status-publish","4":"has-post-thumbnail","6":"product_cat-piese-auto","8":"first","9":"instock","10":"shipping-taxable","11":"product-type-simple"},"_links":{"self":[{"href":"https:\/\/motovitalex.md\/ru\/wp-json\/wp\/v2\/product\/2416","targetHints":{"allow":["GET"]}}],"collection":[{"href":"https:\/\/motovitalex.md\/ru\/wp-json\/wp\/v2\/product"}],"about":[{"href":"https:\/\/motovitalex.md\/ru\/wp-json\/wp\/v2\/types\/product"}],"version-history":[{"count":1,"href":"https:\/\/motovitalex.md\/ru\/wp-json\/wp\/v2\/product\/2416\/revisions"}],"predecessor-version":[{"id":2418,"href":"https:\/\/motovitalex.md\/ru\/wp-json\/wp\/v2\/product\/2416\/revisions\/2418"}],"wp:featuredmedia":[{"embeddable":true,"href":"https:\/\/motovitalex.md\/ru\/wp-json\/wp\/v2\/media\/2417"}],"wp:attachment":[{"href":"https:\/\/motovitalex.md\/ru\/wp-json\/wp\/v2\/media?parent=2416"}],"wp:term":[{"taxonomy":"product_cat","embeddable":true,"href":"https:\/\/motovitalex.md\/ru\/wp-json\/wp\/v2\/product_cat?post=2416"},{"taxonomy":"product_tag","embeddable":true,"href":"https:\/\/motovitalex.md\/ru\/wp-json\/wp\/v2\/product_tag?post=2416"}],"curies":[{"name":"wp","href":"https:\/\/api.w.org\/{rel}","templated":true}]}}