{"id":2412,"date":"2025-01-10T14:10:05","date_gmt":"2025-01-10T14:10:05","guid":{"rendered":"https:\/\/motovitalex.md\/?post_type=product&#038;p=2412"},"modified":"2025-01-10T14:10:05","modified_gmt":"2025-01-10T14:10:05","slug":"biela-188f","status":"publish","type":"product","link":"https:\/\/motovitalex.md\/ru\/product\/biela-188f\/","title":{"rendered":"Biela &#8211; 188F"},"content":{"rendered":"<p>Biela &#8211; 188F este potrivit\u0103 pentru motoarele pe benzin\u0103 ale tractoarelor, motocultoare, motopompe, freze de z\u0103pad\u0103 \u0219i alte echipamente, cu o putere de 13 CP. aer r\u0103cit.<\/p>\n<p>Material &#8211; aluminiu.<\/p>\n<p>Diametrul g\u00e2tului sub arborele cotit (mm) &#8211; 35,8<\/p>\n<p>Diametrul bol\u021bului pistonului (mm) &#8211; 20<\/p>\n<p>Distan\u021ba de la g\u00e2t la deget (mm) &#8211; 84<\/p>\n<p>Greutate (gr.) &#8211; 270<\/p>","protected":false},"excerpt":{"rendered":"<p>Biela &#8211; 188F este potrivit\u0103 pentru motoarele pe benzin\u0103 ale tractoarelor, motocultoare, motopompe, freze de z\u0103pad\u0103 \u0219i alte echipamente, cu o putere de 13 CP. aer r\u0103cit. Material &#8211; aluminiu. Diametrul g\u00e2tului sub arborele cotit (mm) &#8211; 35,8 Diametrul bol\u021bului pistonului (mm) &#8211; 20 Distan\u021ba de la g\u00e2t la deget (mm) &#8211; 84 Greutate (gr.)&hellip;<\/p>","protected":false},"featured_media":2413,"template":"","meta":[],"product_cat":[64],"product_tag":[],"class_list":{"0":"post-2412","1":"product","2":"type-product","3":"status-publish","4":"has-post-thumbnail","6":"product_cat-piese-auto","8":"first","9":"instock","10":"shipping-taxable","11":"product-type-simple"},"_links":{"self":[{"href":"https:\/\/motovitalex.md\/ru\/wp-json\/wp\/v2\/product\/2412","targetHints":{"allow":["GET"]}}],"collection":[{"href":"https:\/\/motovitalex.md\/ru\/wp-json\/wp\/v2\/product"}],"about":[{"href":"https:\/\/motovitalex.md\/ru\/wp-json\/wp\/v2\/types\/product"}],"version-history":[{"count":1,"href":"https:\/\/motovitalex.md\/ru\/wp-json\/wp\/v2\/product\/2412\/revisions"}],"predecessor-version":[{"id":2414,"href":"https:\/\/motovitalex.md\/ru\/wp-json\/wp\/v2\/product\/2412\/revisions\/2414"}],"wp:featuredmedia":[{"embeddable":true,"href":"https:\/\/motovitalex.md\/ru\/wp-json\/wp\/v2\/media\/2413"}],"wp:attachment":[{"href":"https:\/\/motovitalex.md\/ru\/wp-json\/wp\/v2\/media?parent=2412"}],"wp:term":[{"taxonomy":"product_cat","embeddable":true,"href":"https:\/\/motovitalex.md\/ru\/wp-json\/wp\/v2\/product_cat?post=2412"},{"taxonomy":"product_tag","embeddable":true,"href":"https:\/\/motovitalex.md\/ru\/wp-json\/wp\/v2\/product_tag?post=2412"}],"curies":[{"name":"wp","href":"https:\/\/api.w.org\/{rel}","templated":true}]}}