{"id":2402,"date":"2025-01-10T14:00:15","date_gmt":"2025-01-10T14:00:15","guid":{"rendered":"https:\/\/motovitalex.md\/?post_type=product&#038;p=2402"},"modified":"2025-01-10T14:00:15","modified_gmt":"2025-01-10T14:00:15","slug":"ansamblu-arbore-cotit-cu-diametrul-cheii-25-mm-188f","status":"publish","type":"product","link":"https:\/\/motovitalex.md\/ru\/product\/ansamblu-arbore-cotit-cu-diametrul-cheii-25-mm-188f\/","title":{"rendered":"Ansamblu arbore cotit cu diametrul cheii 25 mm &#8211; 188F"},"content":{"rendered":"<p>Ansamblul arborelui cotit (pentru cheie \u00d825mm) &#8211; 188F este potrivit pentru motoarele pe benzin\u0103 ale tractoarelor, motocultoarelor \u0219i altor echipamente, cu o putere de 13 CP. aer r\u0103cit.<\/p>\n<p>Lungime total\u0103 (mm) &#8211; 305<\/p>\n<p>Pinion \u00eengust (Z\/\u00d8) &#8211; 42<\/p>\n<p>Pinion lat (Z\/\u00d8) &#8211; 29<\/p>\n<p>Diametrul tijei de biela (mm) &#8211; 36<\/p>\n<p>Rulment &#8211; 6207<\/p>\n<p>Lungime (mm) &#8211; 60<\/p>\n<p>L\u0103\u021bimea cheii (mm) &#8211; 7<\/p>\n<p>Greutate (gr.) &#8211; 3740<\/p>","protected":false},"excerpt":{"rendered":"<p>Ansamblul arborelui cotit (pentru cheie \u00d825mm) &#8211; 188F este potrivit pentru motoarele pe benzin\u0103 ale tractoarelor, motocultoarelor \u0219i altor echipamente, cu o putere de 13 CP. aer r\u0103cit. Lungime total\u0103 (mm) &#8211; 305 Pinion \u00eengust (Z\/\u00d8) &#8211; 42 Pinion lat (Z\/\u00d8) &#8211; 29 Diametrul tijei de biela (mm) &#8211; 36 Rulment &#8211; 6207 Lungime (mm)&hellip;<\/p>","protected":false},"featured_media":2403,"template":"","meta":[],"product_cat":[64],"product_tag":[],"class_list":{"0":"post-2402","1":"product","2":"type-product","3":"status-publish","4":"has-post-thumbnail","6":"product_cat-piese-auto","8":"first","9":"instock","10":"shipping-taxable","11":"product-type-simple"},"_links":{"self":[{"href":"https:\/\/motovitalex.md\/ru\/wp-json\/wp\/v2\/product\/2402","targetHints":{"allow":["GET"]}}],"collection":[{"href":"https:\/\/motovitalex.md\/ru\/wp-json\/wp\/v2\/product"}],"about":[{"href":"https:\/\/motovitalex.md\/ru\/wp-json\/wp\/v2\/types\/product"}],"version-history":[{"count":2,"href":"https:\/\/motovitalex.md\/ru\/wp-json\/wp\/v2\/product\/2402\/revisions"}],"predecessor-version":[{"id":2405,"href":"https:\/\/motovitalex.md\/ru\/wp-json\/wp\/v2\/product\/2402\/revisions\/2405"}],"wp:featuredmedia":[{"embeddable":true,"href":"https:\/\/motovitalex.md\/ru\/wp-json\/wp\/v2\/media\/2403"}],"wp:attachment":[{"href":"https:\/\/motovitalex.md\/ru\/wp-json\/wp\/v2\/media?parent=2402"}],"wp:term":[{"taxonomy":"product_cat","embeddable":true,"href":"https:\/\/motovitalex.md\/ru\/wp-json\/wp\/v2\/product_cat?post=2402"},{"taxonomy":"product_tag","embeddable":true,"href":"https:\/\/motovitalex.md\/ru\/wp-json\/wp\/v2\/product_tag?post=2402"}],"curies":[{"name":"wp","href":"https:\/\/api.w.org\/{rel}","templated":true}]}}