{"id":2395,"date":"2025-01-10T13:51:53","date_gmt":"2025-01-10T13:51:53","guid":{"rendered":"https:\/\/motovitalex.md\/?post_type=product&#038;p=2395"},"modified":"2025-01-10T13:51:53","modified_gmt":"2025-01-10T13:51:53","slug":"volan-177f","status":"publish","type":"product","link":"https:\/\/motovitalex.md\/ru\/product\/volan-177f\/","title":{"rendered":"Volan &#8211; 177F"},"content":{"rendered":"<p>Volan &#8211; 177F (f\u0103r\u0103 coroan\u0103) este potrivit pentru motoarele pe benzin\u0103 ale tractoarelor, generatoare etc., cu o putere de 10 CP. aer r\u0103cit.<\/p>\n<p>Material: fonta.<\/p>\n<p>Diametrul exterior total (mm) &#8211; 190<\/p>\n<p>Diametrul alezajului (mm) &#8211; 172<\/p>\n<p>Diametrul de aterizare pe un arbore (mm) &#8211; 19\/25<\/p>\n<p>Greutate (gr.) &#8211; 4230<\/p>","protected":false},"excerpt":{"rendered":"<p>Volan &#8211; 177F (f\u0103r\u0103 coroan\u0103) este potrivit pentru motoarele pe benzin\u0103 ale tractoarelor, generatoare etc., cu o putere de 10 CP. aer r\u0103cit. Material: fonta. Diametrul exterior total (mm) &#8211; 190 Diametrul alezajului (mm) &#8211; 172 Diametrul de aterizare pe un arbore (mm) &#8211; 19\/25 Greutate (gr.) &#8211; 4230<\/p>","protected":false},"featured_media":2396,"template":"","meta":[],"product_cat":[64],"product_tag":[],"class_list":{"0":"post-2395","1":"product","2":"type-product","3":"status-publish","4":"has-post-thumbnail","6":"product_cat-piese-auto","8":"first","9":"instock","10":"shipping-taxable","11":"product-type-simple"},"_links":{"self":[{"href":"https:\/\/motovitalex.md\/ru\/wp-json\/wp\/v2\/product\/2395","targetHints":{"allow":["GET"]}}],"collection":[{"href":"https:\/\/motovitalex.md\/ru\/wp-json\/wp\/v2\/product"}],"about":[{"href":"https:\/\/motovitalex.md\/ru\/wp-json\/wp\/v2\/types\/product"}],"version-history":[{"count":1,"href":"https:\/\/motovitalex.md\/ru\/wp-json\/wp\/v2\/product\/2395\/revisions"}],"predecessor-version":[{"id":2397,"href":"https:\/\/motovitalex.md\/ru\/wp-json\/wp\/v2\/product\/2395\/revisions\/2397"}],"wp:featuredmedia":[{"embeddable":true,"href":"https:\/\/motovitalex.md\/ru\/wp-json\/wp\/v2\/media\/2396"}],"wp:attachment":[{"href":"https:\/\/motovitalex.md\/ru\/wp-json\/wp\/v2\/media?parent=2395"}],"wp:term":[{"taxonomy":"product_cat","embeddable":true,"href":"https:\/\/motovitalex.md\/ru\/wp-json\/wp\/v2\/product_cat?post=2395"},{"taxonomy":"product_tag","embeddable":true,"href":"https:\/\/motovitalex.md\/ru\/wp-json\/wp\/v2\/product_tag?post=2395"}],"curies":[{"name":"wp","href":"https:\/\/api.w.org\/{rel}","templated":true}]}}