{"id":2383,"date":"2025-01-10T13:42:36","date_gmt":"2025-01-10T13:42:36","guid":{"rendered":"https:\/\/motovitalex.md\/?post_type=product&#038;p=2383"},"modified":"2025-01-10T13:42:36","modified_gmt":"2025-01-10T13:42:36","slug":"rolie-de-pornire-manuala-cupa-de-pornire-177f","status":"publish","type":"product","link":"https:\/\/motovitalex.md\/ru\/product\/rolie-de-pornire-manuala-cupa-de-pornire-177f\/","title":{"rendered":"Rolie de pornire manual\u0103 (cup\u0103 de pornire) &#8211; 177F"},"content":{"rendered":"<p>Rolie de pornire manual\u0103 (cup\u0103 de pornire) &#8211; 177F este potrivit\u0103 pentru motoarele pe benzin\u0103 \u0219i diesel ale tractoarelor cu mers pe jos \u0219i alte echipamente, cu o putere de 6-10 CP. aer r\u0103cit.<\/p>\n<p>Diametrul exterior (mm) &#8211; 65 .<\/p>\n<p>\u00cen\u0103l\u021bime (mm) &#8211; 66<\/p>\n<p>Greutate (gr.) &#8211; 137<\/p>","protected":false},"excerpt":{"rendered":"<p>Rolie de pornire manual\u0103 (cup\u0103 de pornire) &#8211; 177F este potrivit\u0103 pentru motoarele pe benzin\u0103 \u0219i diesel ale tractoarelor cu mers pe jos \u0219i alte echipamente, cu o putere de 6-10 CP. aer r\u0103cit. Diametrul exterior (mm) &#8211; 65 . \u00cen\u0103l\u021bime (mm) &#8211; 66 Greutate (gr.) &#8211; 137<\/p>","protected":false},"featured_media":2384,"template":"","meta":[],"product_cat":[64],"product_tag":[],"class_list":{"0":"post-2383","1":"product","2":"type-product","3":"status-publish","4":"has-post-thumbnail","6":"product_cat-piese-auto","8":"first","9":"instock","10":"shipping-taxable","11":"product-type-simple"},"_links":{"self":[{"href":"https:\/\/motovitalex.md\/ru\/wp-json\/wp\/v2\/product\/2383","targetHints":{"allow":["GET"]}}],"collection":[{"href":"https:\/\/motovitalex.md\/ru\/wp-json\/wp\/v2\/product"}],"about":[{"href":"https:\/\/motovitalex.md\/ru\/wp-json\/wp\/v2\/types\/product"}],"version-history":[{"count":1,"href":"https:\/\/motovitalex.md\/ru\/wp-json\/wp\/v2\/product\/2383\/revisions"}],"predecessor-version":[{"id":2385,"href":"https:\/\/motovitalex.md\/ru\/wp-json\/wp\/v2\/product\/2383\/revisions\/2385"}],"wp:featuredmedia":[{"embeddable":true,"href":"https:\/\/motovitalex.md\/ru\/wp-json\/wp\/v2\/media\/2384"}],"wp:attachment":[{"href":"https:\/\/motovitalex.md\/ru\/wp-json\/wp\/v2\/media?parent=2383"}],"wp:term":[{"taxonomy":"product_cat","embeddable":true,"href":"https:\/\/motovitalex.md\/ru\/wp-json\/wp\/v2\/product_cat?post=2383"},{"taxonomy":"product_tag","embeddable":true,"href":"https:\/\/motovitalex.md\/ru\/wp-json\/wp\/v2\/product_tag?post=2383"}],"curies":[{"name":"wp","href":"https:\/\/api.w.org\/{rel}","templated":true}]}}