{"id":2377,"date":"2025-01-10T13:37:42","date_gmt":"2025-01-10T13:37:42","guid":{"rendered":"https:\/\/motovitalex.md\/?post_type=product&#038;p=2377"},"modified":"2025-01-10T13:37:42","modified_gmt":"2025-01-10T13:37:42","slug":"pompa-de-ulei-177f","status":"publish","type":"product","link":"https:\/\/motovitalex.md\/ru\/product\/pompa-de-ulei-177f\/","title":{"rendered":"Pompa de ulei &#8211; 177F"},"content":{"rendered":"<p>Pompa de ulei &#8211; 177F este potrivit\u0103 pentru motoarele pe benzin\u0103 ale tractoarelor, generatoare etc., cu o putere de 10 CP. aer r\u0103cit.<\/p>\n<p>Num\u0103r de din\u021bi (buc.) &#8211; 35<\/p>\n<p>Diametrul exterior (mm) &#8211; 55<\/p>\n<p>Diametrul interior (mm) &#8211; 6<\/p>\n<p>\u00cen\u0103l\u021bimea angrenajului (mm) &#8211; 38<\/p>\n<p>Lungimea tijei (mm) &#8211; 50<\/p>\n<p>Diametrul tijei (mm) &#8211; 5,9<\/p>\n<p>Greutate (gr.) &#8211; 48<\/p>","protected":false},"excerpt":{"rendered":"<p>Pompa de ulei &#8211; 177F este potrivit\u0103 pentru motoarele pe benzin\u0103 ale tractoarelor, generatoare etc., cu o putere de 10 CP. aer r\u0103cit. Num\u0103r de din\u021bi (buc.) &#8211; 35 Diametrul exterior (mm) &#8211; 55 Diametrul interior (mm) &#8211; 6 \u00cen\u0103l\u021bimea angrenajului (mm) &#8211; 38 Lungimea tijei (mm) &#8211; 50 Diametrul tijei (mm) &#8211; 5,9 Greutate&hellip;<\/p>","protected":false},"featured_media":2378,"template":"","meta":[],"product_cat":[64],"product_tag":[],"class_list":{"0":"post-2377","1":"product","2":"type-product","3":"status-publish","4":"has-post-thumbnail","6":"product_cat-piese-auto","8":"first","9":"instock","10":"shipping-taxable","11":"product-type-simple"},"_links":{"self":[{"href":"https:\/\/motovitalex.md\/ru\/wp-json\/wp\/v2\/product\/2377","targetHints":{"allow":["GET"]}}],"collection":[{"href":"https:\/\/motovitalex.md\/ru\/wp-json\/wp\/v2\/product"}],"about":[{"href":"https:\/\/motovitalex.md\/ru\/wp-json\/wp\/v2\/types\/product"}],"version-history":[{"count":1,"href":"https:\/\/motovitalex.md\/ru\/wp-json\/wp\/v2\/product\/2377\/revisions"}],"predecessor-version":[{"id":2379,"href":"https:\/\/motovitalex.md\/ru\/wp-json\/wp\/v2\/product\/2377\/revisions\/2379"}],"wp:featuredmedia":[{"embeddable":true,"href":"https:\/\/motovitalex.md\/ru\/wp-json\/wp\/v2\/media\/2378"}],"wp:attachment":[{"href":"https:\/\/motovitalex.md\/ru\/wp-json\/wp\/v2\/media?parent=2377"}],"wp:term":[{"taxonomy":"product_cat","embeddable":true,"href":"https:\/\/motovitalex.md\/ru\/wp-json\/wp\/v2\/product_cat?post=2377"},{"taxonomy":"product_tag","embeddable":true,"href":"https:\/\/motovitalex.md\/ru\/wp-json\/wp\/v2\/product_tag?post=2377"}],"curies":[{"name":"wp","href":"https:\/\/api.w.org\/{rel}","templated":true}]}}