{"id":2371,"date":"2025-01-10T13:32:31","date_gmt":"2025-01-10T13:32:31","guid":{"rendered":"https:\/\/motovitalex.md\/?post_type=product&#038;p=2371"},"modified":"2025-01-10T13:32:31","modified_gmt":"2025-01-10T13:32:31","slug":"maneta-de-actionare-a-acceleratiei-tija-arc-177f","status":"publish","type":"product","link":"https:\/\/motovitalex.md\/ru\/product\/maneta-de-actionare-a-acceleratiei-tija-arc-177f\/","title":{"rendered":"Maneta de actionare a acceleratiei + tija + arc &#8211; 177F"},"content":{"rendered":"<p>Maneta de accelera\u021bie (cu tij\u0103 \u0219i arc) &#8211; 177F este potrivit\u0103 pentru motoarele pe benzin\u0103 ale tractoarelor, generatoare etc., cu o putere de 10 CP. aer r\u0103cit.<\/p>\n<p>Greutate (gr.) &#8211; 67<\/p>","protected":false},"excerpt":{"rendered":"<p>Maneta de accelera\u021bie (cu tij\u0103 \u0219i arc) &#8211; 177F este potrivit\u0103 pentru motoarele pe benzin\u0103 ale tractoarelor, generatoare etc., cu o putere de 10 CP. aer r\u0103cit. Greutate (gr.) &#8211; 67<\/p>","protected":false},"featured_media":2372,"template":"","meta":[],"product_cat":[64],"product_tag":[],"class_list":{"0":"post-2371","1":"product","2":"type-product","3":"status-publish","4":"has-post-thumbnail","6":"product_cat-piese-auto","8":"first","9":"instock","10":"shipping-taxable","11":"product-type-simple"},"_links":{"self":[{"href":"https:\/\/motovitalex.md\/ru\/wp-json\/wp\/v2\/product\/2371","targetHints":{"allow":["GET"]}}],"collection":[{"href":"https:\/\/motovitalex.md\/ru\/wp-json\/wp\/v2\/product"}],"about":[{"href":"https:\/\/motovitalex.md\/ru\/wp-json\/wp\/v2\/types\/product"}],"version-history":[{"count":1,"href":"https:\/\/motovitalex.md\/ru\/wp-json\/wp\/v2\/product\/2371\/revisions"}],"predecessor-version":[{"id":2373,"href":"https:\/\/motovitalex.md\/ru\/wp-json\/wp\/v2\/product\/2371\/revisions\/2373"}],"wp:featuredmedia":[{"embeddable":true,"href":"https:\/\/motovitalex.md\/ru\/wp-json\/wp\/v2\/media\/2372"}],"wp:attachment":[{"href":"https:\/\/motovitalex.md\/ru\/wp-json\/wp\/v2\/media?parent=2371"}],"wp:term":[{"taxonomy":"product_cat","embeddable":true,"href":"https:\/\/motovitalex.md\/ru\/wp-json\/wp\/v2\/product_cat?post=2371"},{"taxonomy":"product_tag","embeddable":true,"href":"https:\/\/motovitalex.md\/ru\/wp-json\/wp\/v2\/product_tag?post=2371"}],"curies":[{"name":"wp","href":"https:\/\/api.w.org\/{rel}","templated":true}]}}