{"id":2365,"date":"2025-01-10T13:25:06","date_gmt":"2025-01-10T13:25:06","guid":{"rendered":"https:\/\/motovitalex.md\/?post_type=product&#038;p=2365"},"modified":"2025-01-10T13:25:06","modified_gmt":"2025-01-10T13:25:06","slug":"garnituripentru-motor-pe-benzina-177f","status":"publish","type":"product","link":"https:\/\/motovitalex.md\/ru\/product\/garnituripentru-motor-pe-benzina-177f\/","title":{"rendered":"Garnituri,pentru motor pe benzina 177F"},"content":{"rendered":"<p>Garnituri, pentru motor pe benzina 177F, . proiectat pentru instalare pe o unitate de putere de 10 CP. Setul const\u0103 dintr-un set de garnituri concepute pentru a etan\u0219a \u00eembin\u0103rile diferitelor componente ale unui motor cu ardere intern\u0103.<\/p>\n<p><strong> Setul include:<\/strong><\/p>\n<p>\u2022 garnitura capac supapei din cauciuc rezistent la ulei,<\/p>\n<p>\u2022 garnitura chiulasa din paronit cu inel metalic, garnitura bloc motor,<\/p>\n<p>\u2022 garnitura carburator,<\/p>\n<p>\u2022 garnitura galeriei de admisie,<\/p>\n<p>\u2022 garnitura filtrului de aer,<\/p>\n<p>\u2022 garnitura toba de e\u0219apament.<\/p>\n<p>Configura\u021bia precis\u0103 a produselor garanteaz\u0103 u\u0219urin\u021ba instal\u0103rii \u0219i \u00eembun\u0103t\u0103\u021be\u0219te calitatea repara\u021biei.<\/p>","protected":false},"excerpt":{"rendered":"<p>Garnituri, pentru motor pe benzina 177F, . proiectat pentru instalare pe o unitate de putere de 10 CP. Setul const\u0103 dintr-un set de garnituri concepute pentru a etan\u0219a \u00eembin\u0103rile diferitelor componente ale unui motor cu ardere intern\u0103. Setul include: \u2022 garnitura capac supapei din cauciuc rezistent la ulei, \u2022 garnitura chiulasa din paronit cu inel&hellip;<\/p>","protected":false},"featured_media":2366,"template":"","meta":[],"product_cat":[87],"product_tag":[],"class_list":{"0":"post-2365","1":"product","2":"type-product","3":"status-publish","4":"has-post-thumbnail","6":"product_cat-piese-pentru-cutie-de-viteza-6-trepte","8":"first","9":"instock","10":"shipping-taxable","11":"product-type-simple"},"_links":{"self":[{"href":"https:\/\/motovitalex.md\/ru\/wp-json\/wp\/v2\/product\/2365","targetHints":{"allow":["GET"]}}],"collection":[{"href":"https:\/\/motovitalex.md\/ru\/wp-json\/wp\/v2\/product"}],"about":[{"href":"https:\/\/motovitalex.md\/ru\/wp-json\/wp\/v2\/types\/product"}],"version-history":[{"count":1,"href":"https:\/\/motovitalex.md\/ru\/wp-json\/wp\/v2\/product\/2365\/revisions"}],"predecessor-version":[{"id":2367,"href":"https:\/\/motovitalex.md\/ru\/wp-json\/wp\/v2\/product\/2365\/revisions\/2367"}],"wp:featuredmedia":[{"embeddable":true,"href":"https:\/\/motovitalex.md\/ru\/wp-json\/wp\/v2\/media\/2366"}],"wp:attachment":[{"href":"https:\/\/motovitalex.md\/ru\/wp-json\/wp\/v2\/media?parent=2365"}],"wp:term":[{"taxonomy":"product_cat","embeddable":true,"href":"https:\/\/motovitalex.md\/ru\/wp-json\/wp\/v2\/product_cat?post=2365"},{"taxonomy":"product_tag","embeddable":true,"href":"https:\/\/motovitalex.md\/ru\/wp-json\/wp\/v2\/product_tag?post=2365"}],"curies":[{"name":"wp","href":"https:\/\/api.w.org\/{rel}","templated":true}]}}