{"id":2362,"date":"2025-01-10T13:17:42","date_gmt":"2025-01-10T13:17:42","guid":{"rendered":"https:\/\/motovitalex.md\/?post_type=product&#038;p=2362"},"modified":"2025-01-10T13:17:42","modified_gmt":"2025-01-10T13:17:42","slug":"garnitura-chiulasa-177f","status":"publish","type":"product","link":"https:\/\/motovitalex.md\/ru\/product\/garnitura-chiulasa-177f\/","title":{"rendered":"Garnitura chiulasa  &#8211; 177F"},"content":{"rendered":"<p>Garnitura capului &#8211; 177F este potrivit\u0103 pentru motoarele pe benzin\u0103 ale tractoarelor, generatoare etc., cu o putere de 10 CP. aer r\u0103cit.<\/p>\n<p>Material: paronit.<\/p>\n<p>Diametrul interior (mm) &#8211; 78<\/p>\n<p>Grosimea (mm) &#8211; 1,3<\/p>","protected":false},"excerpt":{"rendered":"<p>Garnitura capului &#8211; 177F este potrivit\u0103 pentru motoarele pe benzin\u0103 ale tractoarelor, generatoare etc., cu o putere de 10 CP. aer r\u0103cit. Material: paronit. Diametrul interior (mm) &#8211; 78 Grosimea (mm) &#8211; 1,3<\/p>","protected":false},"featured_media":2363,"template":"","meta":[],"product_cat":[64],"product_tag":[],"class_list":{"0":"post-2362","1":"product","2":"type-product","3":"status-publish","4":"has-post-thumbnail","6":"product_cat-piese-auto","8":"first","9":"instock","10":"shipping-taxable","11":"product-type-simple"},"_links":{"self":[{"href":"https:\/\/motovitalex.md\/ru\/wp-json\/wp\/v2\/product\/2362","targetHints":{"allow":["GET"]}}],"collection":[{"href":"https:\/\/motovitalex.md\/ru\/wp-json\/wp\/v2\/product"}],"about":[{"href":"https:\/\/motovitalex.md\/ru\/wp-json\/wp\/v2\/types\/product"}],"version-history":[{"count":1,"href":"https:\/\/motovitalex.md\/ru\/wp-json\/wp\/v2\/product\/2362\/revisions"}],"predecessor-version":[{"id":2364,"href":"https:\/\/motovitalex.md\/ru\/wp-json\/wp\/v2\/product\/2362\/revisions\/2364"}],"wp:featuredmedia":[{"embeddable":true,"href":"https:\/\/motovitalex.md\/ru\/wp-json\/wp\/v2\/media\/2363"}],"wp:attachment":[{"href":"https:\/\/motovitalex.md\/ru\/wp-json\/wp\/v2\/media?parent=2362"}],"wp:term":[{"taxonomy":"product_cat","embeddable":true,"href":"https:\/\/motovitalex.md\/ru\/wp-json\/wp\/v2\/product_cat?post=2362"},{"taxonomy":"product_tag","embeddable":true,"href":"https:\/\/motovitalex.md\/ru\/wp-json\/wp\/v2\/product_tag?post=2362"}],"curies":[{"name":"wp","href":"https:\/\/api.w.org\/{rel}","templated":true}]}}