{"id":2355,"date":"2025-01-10T13:11:41","date_gmt":"2025-01-10T13:11:41","guid":{"rendered":"https:\/\/motovitalex.md\/?post_type=product&#038;p=2355"},"modified":"2025-01-10T13:11:41","modified_gmt":"2025-01-10T13:11:41","slug":"element-filtru-de-aer-din-cauciuc-spuma-rotund-177f","status":"publish","type":"product","link":"https:\/\/motovitalex.md\/ru\/product\/element-filtru-de-aer-din-cauciuc-spuma-rotund-177f\/","title":{"rendered":"Element filtru de aer din cauciuc spum\u0103 rotund &#8211; 177F"},"content":{"rendered":"<p>Elementul de filtru al filtrului de aer din cauciuc spum\u0103 rotund &#8211; 177F este potrivit pentru motoarele pe benzin\u0103 ale tractoarelor, freze de z\u0103pad\u0103 \u0219i alte echipamente, cu o putere de 10 CP. aer r\u0103cit.<\/p>\n<p>Diametru (mm) &#8211; 90<\/p>\n<p>\u00cen\u0103l\u021bime (mm) &#8211; 45<\/p>","protected":false},"excerpt":{"rendered":"<p>Elementul de filtru al filtrului de aer din cauciuc spum\u0103 rotund &#8211; 177F este potrivit pentru motoarele pe benzin\u0103 ale tractoarelor, freze de z\u0103pad\u0103 \u0219i alte echipamente, cu o putere de 10 CP. aer r\u0103cit. Diametru (mm) &#8211; 90 \u00cen\u0103l\u021bime (mm) &#8211; 45<\/p>","protected":false},"featured_media":2356,"template":"","meta":[],"product_cat":[64],"product_tag":[],"class_list":{"0":"post-2355","1":"product","2":"type-product","3":"status-publish","4":"has-post-thumbnail","6":"product_cat-piese-auto","8":"first","9":"instock","10":"shipping-taxable","11":"product-type-simple"},"_links":{"self":[{"href":"https:\/\/motovitalex.md\/ru\/wp-json\/wp\/v2\/product\/2355","targetHints":{"allow":["GET"]}}],"collection":[{"href":"https:\/\/motovitalex.md\/ru\/wp-json\/wp\/v2\/product"}],"about":[{"href":"https:\/\/motovitalex.md\/ru\/wp-json\/wp\/v2\/types\/product"}],"version-history":[{"count":1,"href":"https:\/\/motovitalex.md\/ru\/wp-json\/wp\/v2\/product\/2355\/revisions"}],"predecessor-version":[{"id":2357,"href":"https:\/\/motovitalex.md\/ru\/wp-json\/wp\/v2\/product\/2355\/revisions\/2357"}],"wp:featuredmedia":[{"embeddable":true,"href":"https:\/\/motovitalex.md\/ru\/wp-json\/wp\/v2\/media\/2356"}],"wp:attachment":[{"href":"https:\/\/motovitalex.md\/ru\/wp-json\/wp\/v2\/media?parent=2355"}],"wp:term":[{"taxonomy":"product_cat","embeddable":true,"href":"https:\/\/motovitalex.md\/ru\/wp-json\/wp\/v2\/product_cat?post=2355"},{"taxonomy":"product_tag","embeddable":true,"href":"https:\/\/motovitalex.md\/ru\/wp-json\/wp\/v2\/product_tag?post=2355"}],"curies":[{"name":"wp","href":"https:\/\/api.w.org\/{rel}","templated":true}]}}