{"id":2349,"date":"2025-01-10T13:06:01","date_gmt":"2025-01-10T13:06:01","guid":{"rendered":"https:\/\/motovitalex.md\/?post_type=product&#038;p=2349"},"modified":"2025-01-10T13:06:01","modified_gmt":"2025-01-10T13:06:01","slug":"compensator-de-supapa-termica-177f","status":"publish","type":"product","link":"https:\/\/motovitalex.md\/ru\/product\/compensator-de-supapa-termica-177f\/","title":{"rendered":"Compensator de supap\u0103 termic\u0103 &#8211; 177F"},"content":{"rendered":"<p>Compensatorul de supap\u0103 termic\u0103\u00a0 177F -este potrivit pentru motoarele pe benzin\u0103 ale tractoarelor, generatoare, etc., cu o putere de 10 CP. aer r\u0103cit.<\/p>\n<p>Diametrul exterior (mm) &#8211; 9,2<\/p>\n<p>Diametrul interior (mm) &#8211; 6,5<\/p>\n<p>\u00cen\u0103l\u021bime (mm) &#8211; 6<\/p>","protected":false},"excerpt":{"rendered":"<p>Compensatorul de supap\u0103 termic\u0103\u00a0 177F -este potrivit pentru motoarele pe benzin\u0103 ale tractoarelor, generatoare, etc., cu o putere de 10 CP. aer r\u0103cit. Diametrul exterior (mm) &#8211; 9,2 Diametrul interior (mm) &#8211; 6,5 \u00cen\u0103l\u021bime (mm) &#8211; 6<\/p>","protected":false},"featured_media":2350,"template":"","meta":[],"product_cat":[64],"product_tag":[],"class_list":{"0":"post-2349","1":"product","2":"type-product","3":"status-publish","4":"has-post-thumbnail","6":"product_cat-piese-auto","8":"first","9":"instock","10":"shipping-taxable","11":"product-type-simple"},"_links":{"self":[{"href":"https:\/\/motovitalex.md\/ru\/wp-json\/wp\/v2\/product\/2349","targetHints":{"allow":["GET"]}}],"collection":[{"href":"https:\/\/motovitalex.md\/ru\/wp-json\/wp\/v2\/product"}],"about":[{"href":"https:\/\/motovitalex.md\/ru\/wp-json\/wp\/v2\/types\/product"}],"version-history":[{"count":1,"href":"https:\/\/motovitalex.md\/ru\/wp-json\/wp\/v2\/product\/2349\/revisions"}],"predecessor-version":[{"id":2351,"href":"https:\/\/motovitalex.md\/ru\/wp-json\/wp\/v2\/product\/2349\/revisions\/2351"}],"wp:featuredmedia":[{"embeddable":true,"href":"https:\/\/motovitalex.md\/ru\/wp-json\/wp\/v2\/media\/2350"}],"wp:attachment":[{"href":"https:\/\/motovitalex.md\/ru\/wp-json\/wp\/v2\/media?parent=2349"}],"wp:term":[{"taxonomy":"product_cat","embeddable":true,"href":"https:\/\/motovitalex.md\/ru\/wp-json\/wp\/v2\/product_cat?post=2349"},{"taxonomy":"product_tag","embeddable":true,"href":"https:\/\/motovitalex.md\/ru\/wp-json\/wp\/v2\/product_tag?post=2349"}],"curies":[{"name":"wp","href":"https:\/\/api.w.org\/{rel}","templated":true}]}}