{"id":2337,"date":"2025-01-10T12:53:13","date_gmt":"2025-01-10T12:53:13","guid":{"rendered":"https:\/\/motovitalex.md\/?post_type=product&#038;p=2337"},"modified":"2025-01-10T12:53:13","modified_gmt":"2025-01-10T12:53:13","slug":"biela-177f","status":"publish","type":"product","link":"https:\/\/motovitalex.md\/ru\/product\/biela-177f\/","title":{"rendered":"Biela &#8211; 177F"},"content":{"rendered":"<p>Biela &#8211; 177F- este potrivit\u0103 pentru motoarele pe benzin\u0103 ale tractoarelor, generatoare \u0219i alte echipamente, cu o putere de 10 CP. aer r\u0103cit.<\/p>\n<p>Diametrul degetului (mm) &#8211; 17,9<\/p>\n<p>Diametrul g\u00e2tului bielei (mm) &#8211; 33<\/p>\n<p>Lungime de la deget la g\u00e2tul bielei (mm) &#8211; 75<\/p>\n<p>Greutate (gr.) &#8211; 220<\/p>","protected":false},"excerpt":{"rendered":"<p>Biela &#8211; 177F- este potrivit\u0103 pentru motoarele pe benzin\u0103 ale tractoarelor, generatoare \u0219i alte echipamente, cu o putere de 10 CP. aer r\u0103cit. Diametrul degetului (mm) &#8211; 17,9 Diametrul g\u00e2tului bielei (mm) &#8211; 33 Lungime de la deget la g\u00e2tul bielei (mm) &#8211; 75 Greutate (gr.) &#8211; 220<\/p>","protected":false},"featured_media":2338,"template":"","meta":[],"product_cat":[64],"product_tag":[],"class_list":{"0":"post-2337","1":"product","2":"type-product","3":"status-publish","4":"has-post-thumbnail","6":"product_cat-piese-auto","8":"first","9":"instock","10":"shipping-taxable","11":"product-type-simple"},"_links":{"self":[{"href":"https:\/\/motovitalex.md\/ru\/wp-json\/wp\/v2\/product\/2337","targetHints":{"allow":["GET"]}}],"collection":[{"href":"https:\/\/motovitalex.md\/ru\/wp-json\/wp\/v2\/product"}],"about":[{"href":"https:\/\/motovitalex.md\/ru\/wp-json\/wp\/v2\/types\/product"}],"version-history":[{"count":1,"href":"https:\/\/motovitalex.md\/ru\/wp-json\/wp\/v2\/product\/2337\/revisions"}],"predecessor-version":[{"id":2339,"href":"https:\/\/motovitalex.md\/ru\/wp-json\/wp\/v2\/product\/2337\/revisions\/2339"}],"wp:featuredmedia":[{"embeddable":true,"href":"https:\/\/motovitalex.md\/ru\/wp-json\/wp\/v2\/media\/2338"}],"wp:attachment":[{"href":"https:\/\/motovitalex.md\/ru\/wp-json\/wp\/v2\/media?parent=2337"}],"wp:term":[{"taxonomy":"product_cat","embeddable":true,"href":"https:\/\/motovitalex.md\/ru\/wp-json\/wp\/v2\/product_cat?post=2337"},{"taxonomy":"product_tag","embeddable":true,"href":"https:\/\/motovitalex.md\/ru\/wp-json\/wp\/v2\/product_tag?post=2337"}],"curies":[{"name":"wp","href":"https:\/\/api.w.org\/{rel}","templated":true}]}}