{"id":2334,"date":"2025-01-10T12:49:58","date_gmt":"2025-01-10T12:49:58","guid":{"rendered":"https:\/\/motovitalex.md\/?post_type=product&#038;p=2334"},"modified":"2025-01-10T12:49:58","modified_gmt":"2025-01-10T12:49:58","slug":"arborele-cu-came-z-58-177f","status":"publish","type":"product","link":"https:\/\/motovitalex.md\/ru\/product\/arborele-cu-came-z-58-177f\/","title":{"rendered":"Arborele cu came Z-58 &#8211; 177F"},"content":{"rendered":"<p>Arborele cu came &#8211; 177F este potrivit pentru motoarele pe benzin\u0103 ale tractoarelor, generatoare etc., cu o putere de 10 CP. aer r\u0103cit<\/p>\n<p>Material: metal.<\/p>\n<p>Num\u0103r de din\u021bi (buc.) &#8211; 58<\/p>\n<p>Diametrul angrenajului (mm) &#8211; 101,7<\/p>\n<p>Lungime total\u0103 (mm) &#8211; 120<\/p>\n<p>Greutate (gr.) &#8211; 840<\/p>","protected":false},"excerpt":{"rendered":"<p>Arborele cu came &#8211; 177F este potrivit pentru motoarele pe benzin\u0103 ale tractoarelor, generatoare etc., cu o putere de 10 CP. aer r\u0103cit Material: metal. Num\u0103r de din\u021bi (buc.) &#8211; 58 Diametrul angrenajului (mm) &#8211; 101,7 Lungime total\u0103 (mm) &#8211; 120 Greutate (gr.) &#8211; 840<\/p>","protected":false},"featured_media":2335,"template":"","meta":[],"product_cat":[64],"product_tag":[],"class_list":{"0":"post-2334","1":"product","2":"type-product","3":"status-publish","4":"has-post-thumbnail","6":"product_cat-piese-auto","8":"first","9":"instock","10":"shipping-taxable","11":"product-type-simple"},"_links":{"self":[{"href":"https:\/\/motovitalex.md\/ru\/wp-json\/wp\/v2\/product\/2334","targetHints":{"allow":["GET"]}}],"collection":[{"href":"https:\/\/motovitalex.md\/ru\/wp-json\/wp\/v2\/product"}],"about":[{"href":"https:\/\/motovitalex.md\/ru\/wp-json\/wp\/v2\/types\/product"}],"version-history":[{"count":1,"href":"https:\/\/motovitalex.md\/ru\/wp-json\/wp\/v2\/product\/2334\/revisions"}],"predecessor-version":[{"id":2336,"href":"https:\/\/motovitalex.md\/ru\/wp-json\/wp\/v2\/product\/2334\/revisions\/2336"}],"wp:featuredmedia":[{"embeddable":true,"href":"https:\/\/motovitalex.md\/ru\/wp-json\/wp\/v2\/media\/2335"}],"wp:attachment":[{"href":"https:\/\/motovitalex.md\/ru\/wp-json\/wp\/v2\/media?parent=2334"}],"wp:term":[{"taxonomy":"product_cat","embeddable":true,"href":"https:\/\/motovitalex.md\/ru\/wp-json\/wp\/v2\/product_cat?post=2334"},{"taxonomy":"product_tag","embeddable":true,"href":"https:\/\/motovitalex.md\/ru\/wp-json\/wp\/v2\/product_tag?post=2334"}],"curies":[{"name":"wp","href":"https:\/\/api.w.org\/{rel}","templated":true}]}}