{"id":2328,"date":"2025-01-10T12:43:36","date_gmt":"2025-01-10T12:43:36","guid":{"rendered":"https:\/\/motovitalex.md\/?post_type=product&#038;p=2328"},"modified":"2025-01-10T12:43:36","modified_gmt":"2025-01-10T12:43:36","slug":"ansamblu-cap-177f","status":"publish","type":"product","link":"https:\/\/motovitalex.md\/ru\/product\/ansamblu-cap-177f\/","title":{"rendered":"Ansamblu cap &#8211; 177F"},"content":{"rendered":"<p>Ansamblul cap de bloc &#8211; 177F este potrivit pentru motoarele pe benzin\u0103 ale tractoarelor, cultivatoarelor \u0219i altor echipamente, cu o putere de 10 CP. aer r\u0103cit.<\/p>\n<p>Set: supape, arcuri, pl\u0103ci, crackere, culbutori, plac\u0103 de ghidare a tijei.<\/p>\n<p>Material: aluminiu.<\/p>\n<p>Greutate (mm) &#8211; 1900<\/p>","protected":false},"excerpt":{"rendered":"<p>Ansamblul cap de bloc &#8211; 177F este potrivit pentru motoarele pe benzin\u0103 ale tractoarelor, cultivatoarelor \u0219i altor echipamente, cu o putere de 10 CP. aer r\u0103cit. Set: supape, arcuri, pl\u0103ci, crackere, culbutori, plac\u0103 de ghidare a tijei. Material: aluminiu. Greutate (mm) &#8211; 1900<\/p>","protected":false},"featured_media":2329,"template":"","meta":[],"product_cat":[64],"product_tag":[],"class_list":{"0":"post-2328","1":"product","2":"type-product","3":"status-publish","4":"has-post-thumbnail","6":"product_cat-piese-auto","8":"first","9":"instock","10":"shipping-taxable","11":"product-type-simple"},"_links":{"self":[{"href":"https:\/\/motovitalex.md\/ru\/wp-json\/wp\/v2\/product\/2328","targetHints":{"allow":["GET"]}}],"collection":[{"href":"https:\/\/motovitalex.md\/ru\/wp-json\/wp\/v2\/product"}],"about":[{"href":"https:\/\/motovitalex.md\/ru\/wp-json\/wp\/v2\/types\/product"}],"version-history":[{"count":1,"href":"https:\/\/motovitalex.md\/ru\/wp-json\/wp\/v2\/product\/2328\/revisions"}],"predecessor-version":[{"id":2330,"href":"https:\/\/motovitalex.md\/ru\/wp-json\/wp\/v2\/product\/2328\/revisions\/2330"}],"wp:featuredmedia":[{"embeddable":true,"href":"https:\/\/motovitalex.md\/ru\/wp-json\/wp\/v2\/media\/2329"}],"wp:attachment":[{"href":"https:\/\/motovitalex.md\/ru\/wp-json\/wp\/v2\/media?parent=2328"}],"wp:term":[{"taxonomy":"product_cat","embeddable":true,"href":"https:\/\/motovitalex.md\/ru\/wp-json\/wp\/v2\/product_cat?post=2328"},{"taxonomy":"product_tag","embeddable":true,"href":"https:\/\/motovitalex.md\/ru\/wp-json\/wp\/v2\/product_tag?post=2328"}],"curies":[{"name":"wp","href":"https:\/\/api.w.org\/{rel}","templated":true}]}}