{"id":2325,"date":"2025-01-10T12:39:41","date_gmt":"2025-01-10T12:39:41","guid":{"rendered":"https:\/\/motovitalex.md\/?post_type=product&#038;p=2325"},"modified":"2025-01-10T12:39:41","modified_gmt":"2025-01-10T12:39:41","slug":"anbreiaj-centrifugal-pentru-cheie-25-mm-177f","status":"publish","type":"product","link":"https:\/\/motovitalex.md\/ru\/product\/anbreiaj-centrifugal-pentru-cheie-25-mm-177f\/","title":{"rendered":"Anbreiaj centrifugal (pentru cheie 25 mm) &#8211; 177F"},"content":{"rendered":"<p>Ambreiaj centrifugal (cheie \u00d825 mm) &#8211; 177F<\/p>\n<p>Diametru exterior scripete (mm) &#8211; 80\/102<\/p>\n<p>Diametru interior scripete (mm) &#8211; 42\/90<\/p>\n<p>\u00cen\u0103l\u021bimea scripetelui (mm) &#8211; 65<\/p>\n<p>L\u0103\u021bimea p\u00e2r\u00e2ului sub centur\u0103 (mm) &#8211; 8\/16<\/p>\n<p>\u00cen\u0103l\u021bimea fluxului de sub centur\u0103 (mm) &#8211; 13<\/p>\n<p>Rulmenti &#8211; 6005 (mm) &#8211; 25*47*12<\/p>\n<p>Diametru exterior ambreiaj &#8211; 88<\/p>\n<p>Diametru interior ambreiaj (mm) &#8211; 25<\/p>\n<p>\u00cen\u0103l\u021bimea ambreiajului (mm) &#8211; 34<\/p>\n<p>Canal de cheie (mm) &#8211; 7\/3..5<\/p>\n<p>Greutate (mm) &#8211; 1660<\/p>","protected":false},"excerpt":{"rendered":"<p>Ambreiaj centrifugal (cheie \u00d825 mm) &#8211; 177F Diametru exterior scripete (mm) &#8211; 80\/102 Diametru interior scripete (mm) &#8211; 42\/90 \u00cen\u0103l\u021bimea scripetelui (mm) &#8211; 65 L\u0103\u021bimea p\u00e2r\u00e2ului sub centur\u0103 (mm) &#8211; 8\/16 \u00cen\u0103l\u021bimea fluxului de sub centur\u0103 (mm) &#8211; 13 Rulmenti &#8211; 6005 (mm) &#8211; 25*47*12 Diametru exterior ambreiaj &#8211; 88 Diametru interior ambreiaj (mm) &#8211;&hellip;<\/p>","protected":false},"featured_media":2326,"template":"","meta":[],"product_cat":[64],"product_tag":[],"class_list":{"0":"post-2325","1":"product","2":"type-product","3":"status-publish","4":"has-post-thumbnail","6":"product_cat-piese-auto","8":"first","9":"instock","10":"shipping-taxable","11":"product-type-simple"},"_links":{"self":[{"href":"https:\/\/motovitalex.md\/ru\/wp-json\/wp\/v2\/product\/2325","targetHints":{"allow":["GET"]}}],"collection":[{"href":"https:\/\/motovitalex.md\/ru\/wp-json\/wp\/v2\/product"}],"about":[{"href":"https:\/\/motovitalex.md\/ru\/wp-json\/wp\/v2\/types\/product"}],"version-history":[{"count":1,"href":"https:\/\/motovitalex.md\/ru\/wp-json\/wp\/v2\/product\/2325\/revisions"}],"predecessor-version":[{"id":2327,"href":"https:\/\/motovitalex.md\/ru\/wp-json\/wp\/v2\/product\/2325\/revisions\/2327"}],"wp:featuredmedia":[{"embeddable":true,"href":"https:\/\/motovitalex.md\/ru\/wp-json\/wp\/v2\/media\/2326"}],"wp:attachment":[{"href":"https:\/\/motovitalex.md\/ru\/wp-json\/wp\/v2\/media?parent=2325"}],"wp:term":[{"taxonomy":"product_cat","embeddable":true,"href":"https:\/\/motovitalex.md\/ru\/wp-json\/wp\/v2\/product_cat?post=2325"},{"taxonomy":"product_tag","embeddable":true,"href":"https:\/\/motovitalex.md\/ru\/wp-json\/wp\/v2\/product_tag?post=2325"}],"curies":[{"name":"wp","href":"https:\/\/api.w.org\/{rel}","templated":true}]}}