{"id":2322,"date":"2025-01-10T12:36:11","date_gmt":"2025-01-10T12:36:11","guid":{"rendered":"https:\/\/motovitalex.md\/?post_type=product&#038;p=2322"},"modified":"2025-01-10T12:36:11","modified_gmt":"2025-01-10T12:36:11","slug":"amortizor-fara-cot-177f","status":"publish","type":"product","link":"https:\/\/motovitalex.md\/ru\/product\/amortizor-fara-cot-177f\/","title":{"rendered":"Amortizor fara cot &#8211; 177F"},"content":{"rendered":"<p>Amortizor de zgomot f\u0103r\u0103 genunchi &#8211; 177F -este potrivit pentru motoarele pe benzin\u0103 ale tractoarelor, motocultoarelor \u0219i altor echipamente, cu o putere de 10 CP. aer r\u0103cit.<\/p>\n<p>Material &#8211; metal vopsit.<\/p>\n<p>Dimensiune total\u0103 L*W*H (mm) &#8211; 165 * 150 * 110<\/p>\n<p>Distan\u021ba dintre \u0219tifturi (mm) &#8211; 49 \/ 60<\/p>\n<p>Greutate (gr.) &#8211; 1110<\/p>","protected":false},"excerpt":{"rendered":"<p>Amortizor de zgomot f\u0103r\u0103 genunchi &#8211; 177F -este potrivit pentru motoarele pe benzin\u0103 ale tractoarelor, motocultoarelor \u0219i altor echipamente, cu o putere de 10 CP. aer r\u0103cit. Material &#8211; metal vopsit. Dimensiune total\u0103 L*W*H (mm) &#8211; 165 * 150 * 110 Distan\u021ba dintre \u0219tifturi (mm) &#8211; 49 \/ 60 Greutate (gr.) &#8211; 1110<\/p>","protected":false},"featured_media":2323,"template":"","meta":[],"product_cat":[64],"product_tag":[],"class_list":{"0":"post-2322","1":"product","2":"type-product","3":"status-publish","4":"has-post-thumbnail","6":"product_cat-piese-auto","8":"first","9":"instock","10":"shipping-taxable","11":"product-type-simple"},"_links":{"self":[{"href":"https:\/\/motovitalex.md\/ru\/wp-json\/wp\/v2\/product\/2322","targetHints":{"allow":["GET"]}}],"collection":[{"href":"https:\/\/motovitalex.md\/ru\/wp-json\/wp\/v2\/product"}],"about":[{"href":"https:\/\/motovitalex.md\/ru\/wp-json\/wp\/v2\/types\/product"}],"version-history":[{"count":1,"href":"https:\/\/motovitalex.md\/ru\/wp-json\/wp\/v2\/product\/2322\/revisions"}],"predecessor-version":[{"id":2324,"href":"https:\/\/motovitalex.md\/ru\/wp-json\/wp\/v2\/product\/2322\/revisions\/2324"}],"wp:featuredmedia":[{"embeddable":true,"href":"https:\/\/motovitalex.md\/ru\/wp-json\/wp\/v2\/media\/2323"}],"wp:attachment":[{"href":"https:\/\/motovitalex.md\/ru\/wp-json\/wp\/v2\/media?parent=2322"}],"wp:term":[{"taxonomy":"product_cat","embeddable":true,"href":"https:\/\/motovitalex.md\/ru\/wp-json\/wp\/v2\/product_cat?post=2322"},{"taxonomy":"product_tag","embeddable":true,"href":"https:\/\/motovitalex.md\/ru\/wp-json\/wp\/v2\/product_tag?post=2322"}],"curies":[{"name":"wp","href":"https:\/\/api.w.org\/{rel}","templated":true}]}}