{"id":2313,"date":"2025-01-10T12:22:17","date_gmt":"2025-01-10T12:22:17","guid":{"rendered":"https:\/\/motovitalex.md\/?post_type=product&#038;p=2313"},"modified":"2025-01-10T12:22:17","modified_gmt":"2025-01-10T12:22:17","slug":"maner-starter-franghie-177f","status":"publish","type":"product","link":"https:\/\/motovitalex.md\/ru\/product\/maner-starter-franghie-177f\/","title":{"rendered":"M\u00e2ner starter + fr\u00e2nghie &#8211; 177F"},"content":{"rendered":"<p>M\u00e2ner demaror cu fr\u00e2nghie &#8211; 177F- este potrivit pentru motoarele pe benzin\u0103 ale tractoarelor, generatoare etc., cu o putere de 10 CP. aer r\u0103cit.<\/p>\n<p>Lungimea fr\u00e2nghiei (mm) &#8211; 1350<\/p>\n<p>Grosimea fr\u00e2nghiei (mm) &#8211; 4,5<\/p>\n<p>Greutate (gr.) &#8211; 30<\/p>","protected":false},"excerpt":{"rendered":"<p>M\u00e2ner demaror cu fr\u00e2nghie &#8211; 177F- este potrivit pentru motoarele pe benzin\u0103 ale tractoarelor, generatoare etc., cu o putere de 10 CP. aer r\u0103cit. Lungimea fr\u00e2nghiei (mm) &#8211; 1350 Grosimea fr\u00e2nghiei (mm) &#8211; 4,5 Greutate (gr.) &#8211; 30<\/p>","protected":false},"featured_media":2314,"template":"","meta":[],"product_cat":[64],"product_tag":[],"class_list":{"0":"post-2313","1":"product","2":"type-product","3":"status-publish","4":"has-post-thumbnail","6":"product_cat-piese-auto","8":"first","9":"instock","10":"shipping-taxable","11":"product-type-simple"},"_links":{"self":[{"href":"https:\/\/motovitalex.md\/ru\/wp-json\/wp\/v2\/product\/2313","targetHints":{"allow":["GET"]}}],"collection":[{"href":"https:\/\/motovitalex.md\/ru\/wp-json\/wp\/v2\/product"}],"about":[{"href":"https:\/\/motovitalex.md\/ru\/wp-json\/wp\/v2\/types\/product"}],"version-history":[{"count":1,"href":"https:\/\/motovitalex.md\/ru\/wp-json\/wp\/v2\/product\/2313\/revisions"}],"predecessor-version":[{"id":2315,"href":"https:\/\/motovitalex.md\/ru\/wp-json\/wp\/v2\/product\/2313\/revisions\/2315"}],"wp:featuredmedia":[{"embeddable":true,"href":"https:\/\/motovitalex.md\/ru\/wp-json\/wp\/v2\/media\/2314"}],"wp:attachment":[{"href":"https:\/\/motovitalex.md\/ru\/wp-json\/wp\/v2\/media?parent=2313"}],"wp:term":[{"taxonomy":"product_cat","embeddable":true,"href":"https:\/\/motovitalex.md\/ru\/wp-json\/wp\/v2\/product_cat?post=2313"},{"taxonomy":"product_tag","embeddable":true,"href":"https:\/\/motovitalex.md\/ru\/wp-json\/wp\/v2\/product_tag?post=2313"}],"curies":[{"name":"wp","href":"https:\/\/api.w.org\/{rel}","templated":true}]}}