{"id":2307,"date":"2025-01-10T12:12:26","date_gmt":"2025-01-10T12:12:26","guid":{"rendered":"https:\/\/motovitalex.md\/?post_type=product&#038;p=2307"},"modified":"2025-01-10T12:12:26","modified_gmt":"2025-01-10T12:12:26","slug":"carburator-pentru-motor-pe-benzina-177f","status":"publish","type":"product","link":"https:\/\/motovitalex.md\/ru\/product\/carburator-pentru-motor-pe-benzina-177f\/","title":{"rendered":"Carburator pentru motor pe benzina 177F"},"content":{"rendered":"<p>Carburatorul pentru motorul pe benzin\u0103 177F- este proiectat pentru instalarea pe motoarele 177F ale ma\u0219inilor agricole cu o putere de 10 CP. aer r\u0103cit. Este un carburator cu o singur\u0103 camer\u0103 cu robinet de combustibil \u00eencorporat. Conceput pentru a preg\u0103ti amestecul combustibil-aer \u00eenainte de a intra \u00een camera de ardere. Designul clasic cu o singur\u0103 camer\u0103 face ca aceast\u0103 pies\u0103 s\u0103 fie extrem de fiabil\u0103 \u0219i u\u0219or de utilizat. Pentru o func\u021bionare lung\u0103 \u0219i f\u0103r\u0103 probleme, este necesar doar s\u0103 monitoriza\u021bi calitatea combustibilului utilizat \u0219i s\u0103 regla\u021bi \u0219i s\u0103 cur\u0103\u021ba\u021bi periodic componentele interne.<\/p>","protected":false},"excerpt":{"rendered":"<p>Carburatorul pentru motorul pe benzin\u0103 177F- este proiectat pentru instalarea pe motoarele 177F ale ma\u0219inilor agricole cu o putere de 10 CP. aer r\u0103cit. Este un carburator cu o singur\u0103 camer\u0103 cu robinet de combustibil \u00eencorporat. Conceput pentru a preg\u0103ti amestecul combustibil-aer \u00eenainte de a intra \u00een camera de ardere. Designul clasic cu o singur\u0103&hellip;<\/p>","protected":false},"featured_media":2308,"template":"","meta":[],"product_cat":[64],"product_tag":[],"class_list":{"0":"post-2307","1":"product","2":"type-product","3":"status-publish","4":"has-post-thumbnail","6":"product_cat-piese-auto","8":"first","9":"instock","10":"shipping-taxable","11":"product-type-simple"},"_links":{"self":[{"href":"https:\/\/motovitalex.md\/ru\/wp-json\/wp\/v2\/product\/2307","targetHints":{"allow":["GET"]}}],"collection":[{"href":"https:\/\/motovitalex.md\/ru\/wp-json\/wp\/v2\/product"}],"about":[{"href":"https:\/\/motovitalex.md\/ru\/wp-json\/wp\/v2\/types\/product"}],"version-history":[{"count":1,"href":"https:\/\/motovitalex.md\/ru\/wp-json\/wp\/v2\/product\/2307\/revisions"}],"predecessor-version":[{"id":2309,"href":"https:\/\/motovitalex.md\/ru\/wp-json\/wp\/v2\/product\/2307\/revisions\/2309"}],"wp:featuredmedia":[{"embeddable":true,"href":"https:\/\/motovitalex.md\/ru\/wp-json\/wp\/v2\/media\/2308"}],"wp:attachment":[{"href":"https:\/\/motovitalex.md\/ru\/wp-json\/wp\/v2\/media?parent=2307"}],"wp:term":[{"taxonomy":"product_cat","embeddable":true,"href":"https:\/\/motovitalex.md\/ru\/wp-json\/wp\/v2\/product_cat?post=2307"},{"taxonomy":"product_tag","embeddable":true,"href":"https:\/\/motovitalex.md\/ru\/wp-json\/wp\/v2\/product_tag?post=2307"}],"curies":[{"name":"wp","href":"https:\/\/api.w.org\/{rel}","templated":true}]}}