{"id":2301,"date":"2025-01-10T12:04:10","date_gmt":"2025-01-10T12:04:10","guid":{"rendered":"https:\/\/motovitalex.md\/?post_type=product&#038;p=2301"},"modified":"2025-01-10T12:04:10","modified_gmt":"2025-01-10T12:04:10","slug":"ansamblu-filtru-de-aer-cu-element-de-hartie-177f","status":"publish","type":"product","link":"https:\/\/motovitalex.md\/ru\/product\/ansamblu-filtru-de-aer-cu-element-de-hartie-177f\/","title":{"rendered":"Ansamblu filtru de aer cu element de h\u00e2rtie &#8211; 177F"},"content":{"rendered":"<p>Ansamblul filtrului de aer cu un element de h\u00e2rtie &#8211; 177F este potrivit pentru motoarele pe benzin\u0103 ale tractoarelor \u0219i alte echipamente, cu o putere de 10 CP. aer r\u0103cit.<\/p>\n<p>Dimensiuni fara duza L*L*H (mm) &#8211; 165*140*95<\/p>\n<p>Greutate (gr.) &#8211; 670<\/p>","protected":false},"excerpt":{"rendered":"<p>Ansamblul filtrului de aer cu un element de h\u00e2rtie &#8211; 177F este potrivit pentru motoarele pe benzin\u0103 ale tractoarelor \u0219i alte echipamente, cu o putere de 10 CP. aer r\u0103cit. Dimensiuni fara duza L*L*H (mm) &#8211; 165*140*95 Greutate (gr.) &#8211; 670<\/p>","protected":false},"featured_media":2302,"template":"","meta":[],"product_cat":[64],"product_tag":[],"class_list":{"0":"post-2301","1":"product","2":"type-product","3":"status-publish","4":"has-post-thumbnail","6":"product_cat-piese-auto","8":"first","9":"instock","10":"shipping-taxable","11":"product-type-simple"},"_links":{"self":[{"href":"https:\/\/motovitalex.md\/ru\/wp-json\/wp\/v2\/product\/2301","targetHints":{"allow":["GET"]}}],"collection":[{"href":"https:\/\/motovitalex.md\/ru\/wp-json\/wp\/v2\/product"}],"about":[{"href":"https:\/\/motovitalex.md\/ru\/wp-json\/wp\/v2\/types\/product"}],"version-history":[{"count":1,"href":"https:\/\/motovitalex.md\/ru\/wp-json\/wp\/v2\/product\/2301\/revisions"}],"predecessor-version":[{"id":2303,"href":"https:\/\/motovitalex.md\/ru\/wp-json\/wp\/v2\/product\/2301\/revisions\/2303"}],"wp:featuredmedia":[{"embeddable":true,"href":"https:\/\/motovitalex.md\/ru\/wp-json\/wp\/v2\/media\/2302"}],"wp:attachment":[{"href":"https:\/\/motovitalex.md\/ru\/wp-json\/wp\/v2\/media?parent=2301"}],"wp:term":[{"taxonomy":"product_cat","embeddable":true,"href":"https:\/\/motovitalex.md\/ru\/wp-json\/wp\/v2\/product_cat?post=2301"},{"taxonomy":"product_tag","embeddable":true,"href":"https:\/\/motovitalex.md\/ru\/wp-json\/wp\/v2\/product_tag?post=2301"}],"curies":[{"name":"wp","href":"https:\/\/api.w.org\/{rel}","templated":true}]}}