{"id":2258,"date":"2025-01-06T14:19:11","date_gmt":"2025-01-06T14:19:11","guid":{"rendered":"https:\/\/motovitalex.md\/?post_type=product&#038;p=2258"},"modified":"2025-01-06T14:19:11","modified_gmt":"2025-01-06T14:19:11","slug":"discuri-ambreiaj","status":"publish","type":"product","link":"https:\/\/motovitalex.md\/ru\/product\/discuri-ambreiaj\/","title":{"rendered":"Discuri ambreiaj"},"content":{"rendered":"<p>Setul de discuri de ambreiaj\u00a0 include trei componente: placa de presiune \u0219i discurile de ambreiaj. Aceste elemente sunt destinate utiliz\u0103rii \u00een sistemul de ambreiaj al tractoarelor \u0219i mototractoarelor cu putere de la 8 la 15 cai putere, echipate cu trei p\u00e2rghii. Acest kit include o plac\u0103 de presiune care se activeaz\u0103 atunci c\u00e2nd ap\u0103sa\u021bi pedala de ambreiaj, precum \u0219i pl\u0103ci de ambreiaj care \u00eendeplinesc o func\u021bie important\u0103 \u00een transferul cuplului de la motor la transmisie. C\u00e2nd ap\u0103sa\u021bi pedala de ambreiaj, placa de presiune separ\u0103 pl\u0103cile de ambreiaj, permi\u021b\u00e2ndu-v\u0103 s\u0103 schimba\u021bi treptele \u0219i s\u0103 opri\u021bi transmisia. C\u00e2nd pedala de ambreiaj este eliberat\u0103, discurile revin la starea conectat\u0103, asigur\u00e2nd transmiterea cuplului \u0219i pornind mi\u0219carea ma\u0219inii. Acest set de ambreiaj este conceput pentru a \u00eenlocui piesele uzate sau deteriorate, asigur\u00e2nd func\u021bionarea corect\u0103 a sistemului de ambreiaj \u0219i func\u021bionarea eficient\u0103 a tractorului cu mers pe jos.<\/p>","protected":false},"excerpt":{"rendered":"<p>Setul de discuri de ambreiaj\u00a0 include trei componente: placa de presiune \u0219i discurile de ambreiaj. Aceste elemente sunt destinate utiliz\u0103rii \u00een sistemul de ambreiaj al tractoarelor \u0219i mototractoarelor cu putere de la 8 la 15 cai putere, echipate cu trei p\u00e2rghii. Acest kit include o plac\u0103 de presiune care se activeaz\u0103 atunci c\u00e2nd ap\u0103sa\u021bi pedala&hellip;<\/p>","protected":false},"featured_media":2259,"template":"","meta":[],"product_cat":[64],"product_tag":[],"class_list":{"0":"post-2258","1":"product","2":"type-product","3":"status-publish","4":"has-post-thumbnail","6":"product_cat-piese-auto","8":"first","9":"instock","10":"shipping-taxable","11":"product-type-simple"},"_links":{"self":[{"href":"https:\/\/motovitalex.md\/ru\/wp-json\/wp\/v2\/product\/2258","targetHints":{"allow":["GET"]}}],"collection":[{"href":"https:\/\/motovitalex.md\/ru\/wp-json\/wp\/v2\/product"}],"about":[{"href":"https:\/\/motovitalex.md\/ru\/wp-json\/wp\/v2\/types\/product"}],"version-history":[{"count":1,"href":"https:\/\/motovitalex.md\/ru\/wp-json\/wp\/v2\/product\/2258\/revisions"}],"predecessor-version":[{"id":2260,"href":"https:\/\/motovitalex.md\/ru\/wp-json\/wp\/v2\/product\/2258\/revisions\/2260"}],"wp:featuredmedia":[{"embeddable":true,"href":"https:\/\/motovitalex.md\/ru\/wp-json\/wp\/v2\/media\/2259"}],"wp:attachment":[{"href":"https:\/\/motovitalex.md\/ru\/wp-json\/wp\/v2\/media?parent=2258"}],"wp:term":[{"taxonomy":"product_cat","embeddable":true,"href":"https:\/\/motovitalex.md\/ru\/wp-json\/wp\/v2\/product_cat?post=2258"},{"taxonomy":"product_tag","embeddable":true,"href":"https:\/\/motovitalex.md\/ru\/wp-json\/wp\/v2\/product_tag?post=2258"}],"curies":[{"name":"wp","href":"https:\/\/api.w.org\/{rel}","templated":true}]}}