{"id":2229,"date":"2025-01-06T13:21:57","date_gmt":"2025-01-06T13:21:57","guid":{"rendered":"https:\/\/motovitalex.md\/?post_type=product&#038;p=2229"},"modified":"2025-01-06T13:21:57","modified_gmt":"2025-01-06T13:21:57","slug":"varf-pivotant-filet-stanga-m18-con-12-14mm","status":"publish","type":"product","link":"https:\/\/motovitalex.md\/ru\/product\/varf-pivotant-filet-stanga-m18-con-12-14mm\/","title":{"rendered":"V\u00e2rf pivotant, filet st\u00e2nga M18 (con 12 &#8211; 14mm)"},"content":{"rendered":"<p>V\u00e2rful este pivotant, filet la st\u00e2nga (piuli\u021ba este \u00een\u0219urubat\u0103 \u00een sens invers acelor de ceasornic), potrivit pentru tractoare cu motor diesel (cu ro\u021bi 6,0 * 12)<\/p>\n<p>Filet &#8211; \u041c18mm<\/p>\n<p>Diametrul conului (mm) &#8211; 12 &#8211; 14<\/p>\n<p>Filet pe con &#8211; M12<\/p>\n<p>Greutate (gr.) &#8211; 380<\/p>","protected":false},"excerpt":{"rendered":"<p>V\u00e2rful este pivotant, filet la st\u00e2nga (piuli\u021ba este \u00een\u0219urubat\u0103 \u00een sens invers acelor de ceasornic), potrivit pentru tractoare cu motor diesel (cu ro\u021bi 6,0 * 12) Filet &#8211; \u041c18mm Diametrul conului (mm) &#8211; 12 &#8211; 14 Filet pe con &#8211; M12 Greutate (gr.) &#8211; 380<\/p>","protected":false},"featured_media":2230,"template":"","meta":[],"product_cat":[64],"product_tag":[],"class_list":{"0":"post-2229","1":"product","2":"type-product","3":"status-publish","4":"has-post-thumbnail","6":"product_cat-piese-auto","8":"first","9":"instock","10":"shipping-taxable","11":"product-type-simple"},"_links":{"self":[{"href":"https:\/\/motovitalex.md\/ru\/wp-json\/wp\/v2\/product\/2229","targetHints":{"allow":["GET"]}}],"collection":[{"href":"https:\/\/motovitalex.md\/ru\/wp-json\/wp\/v2\/product"}],"about":[{"href":"https:\/\/motovitalex.md\/ru\/wp-json\/wp\/v2\/types\/product"}],"version-history":[{"count":1,"href":"https:\/\/motovitalex.md\/ru\/wp-json\/wp\/v2\/product\/2229\/revisions"}],"predecessor-version":[{"id":2231,"href":"https:\/\/motovitalex.md\/ru\/wp-json\/wp\/v2\/product\/2229\/revisions\/2231"}],"wp:featuredmedia":[{"embeddable":true,"href":"https:\/\/motovitalex.md\/ru\/wp-json\/wp\/v2\/media\/2230"}],"wp:attachment":[{"href":"https:\/\/motovitalex.md\/ru\/wp-json\/wp\/v2\/media?parent=2229"}],"wp:term":[{"taxonomy":"product_cat","embeddable":true,"href":"https:\/\/motovitalex.md\/ru\/wp-json\/wp\/v2\/product_cat?post=2229"},{"taxonomy":"product_tag","embeddable":true,"href":"https:\/\/motovitalex.md\/ru\/wp-json\/wp\/v2\/product_tag?post=2229"}],"curies":[{"name":"wp","href":"https:\/\/api.w.org\/{rel}","templated":true}]}}