{"id":2150,"date":"2024-12-25T13:44:54","date_gmt":"2024-12-25T13:44:54","guid":{"rendered":"https:\/\/motovitalex.md\/?post_type=product&#038;p=2150"},"modified":"2024-12-26T19:58:34","modified_gmt":"2024-12-26T19:58:34","slug":"carcasa-rulmentului-axului-stanga","status":"publish","type":"product","link":"https:\/\/motovitalex.md\/ru\/product\/carcasa-rulmentului-axului-stanga\/","title":{"rendered":"Carcasa rulmentului axului (st\u00e2nga)"},"content":{"rendered":"<p>Carcasa rulmentului axului (st\u00e2nga) &#8211; Mototractor<\/p>\n<p>Lungime total\u0103 (mm) &#8211; 194<\/p>\n<p>Diametrul de aterizare \u00eentr-o cutie (mm) &#8211; 95<\/p>\n<p>Dimensiunea scaunului sub rulment din partea lateral\u0103 a cutiei (mm) &#8211; 80<\/p>\n<p>Dimensiunea de aterizare sub rulment din partea lateral\u0103 a ro\u021bii (mm) &#8211; 90<\/p>\n<p>Distan\u021ba \u00eentre \u0219uruburi de fixare a unei pl\u0103ci la o cutie (mm) &#8211; 92\/92\/60\/66\/107<\/p>\n<p>Distan\u021ba de fixare \u0219urub la roat\u0103 (mm) &#8211; 110<\/p>\n<p>Greutate (gr.) &#8211; 4610<\/p>","protected":false},"excerpt":{"rendered":"<p>Carcasa rulmentului axului (st\u00e2nga) &#8211; Mototractor Lungime total\u0103 (mm) &#8211; 194 Diametrul de aterizare \u00eentr-o cutie (mm) &#8211; 95 Dimensiunea scaunului sub rulment din partea lateral\u0103 a cutiei (mm) &#8211; 80 Dimensiunea de aterizare sub rulment din partea lateral\u0103 a ro\u021bii (mm) &#8211; 90 Distan\u021ba \u00eentre \u0219uruburi de fixare a unei pl\u0103ci la o cutie&hellip;<\/p>","protected":false},"featured_media":2151,"template":"","meta":[],"product_cat":[87,64],"product_tag":[],"class_list":{"0":"post-2150","1":"product","2":"type-product","3":"status-publish","4":"has-post-thumbnail","6":"product_cat-piese-pentru-cutie-de-viteza-6-trepte","7":"product_cat-piese-auto","9":"first","10":"instock","11":"shipping-taxable","12":"product-type-simple"},"_links":{"self":[{"href":"https:\/\/motovitalex.md\/ru\/wp-json\/wp\/v2\/product\/2150","targetHints":{"allow":["GET"]}}],"collection":[{"href":"https:\/\/motovitalex.md\/ru\/wp-json\/wp\/v2\/product"}],"about":[{"href":"https:\/\/motovitalex.md\/ru\/wp-json\/wp\/v2\/types\/product"}],"version-history":[{"count":1,"href":"https:\/\/motovitalex.md\/ru\/wp-json\/wp\/v2\/product\/2150\/revisions"}],"predecessor-version":[{"id":2152,"href":"https:\/\/motovitalex.md\/ru\/wp-json\/wp\/v2\/product\/2150\/revisions\/2152"}],"wp:featuredmedia":[{"embeddable":true,"href":"https:\/\/motovitalex.md\/ru\/wp-json\/wp\/v2\/media\/2151"}],"wp:attachment":[{"href":"https:\/\/motovitalex.md\/ru\/wp-json\/wp\/v2\/media?parent=2150"}],"wp:term":[{"taxonomy":"product_cat","embeddable":true,"href":"https:\/\/motovitalex.md\/ru\/wp-json\/wp\/v2\/product_cat?post=2150"},{"taxonomy":"product_tag","embeddable":true,"href":"https:\/\/motovitalex.md\/ru\/wp-json\/wp\/v2\/product_tag?post=2150"}],"curies":[{"name":"wp","href":"https:\/\/api.w.org\/{rel}","templated":true}]}}