{"id":2028,"date":"2024-12-25T11:35:40","date_gmt":"2024-12-25T11:35:40","guid":{"rendered":"https:\/\/motovitalex.md\/?post_type=product&#038;p=2028"},"modified":"2024-12-25T11:35:40","modified_gmt":"2024-12-25T11:35:40","slug":"arbore-cotit-gol-gz-195n-filet-m12","status":"publish","type":"product","link":"https:\/\/motovitalex.md\/ru\/product\/arbore-cotit-gol-gz-195n-filet-m12\/","title":{"rendered":"Arbore cotit gol, GZ 195N filet M12"},"content":{"rendered":"<p>Arborele cotit gol, GZ 195N M12 filet, este un element al motorului unui tractor cu mers pe jos, form\u00e2nd o unitate de piese \u00een cazul unui arbore compozit. Arborele cotit are g\u00e2turi pentru ata\u0219area bielelor, datorit\u0103 c\u0103rora are loc o conversie de la efort la cuplu. Modelul GZ 195N este potrivit pentru motoarele diesel ale motocultoarelor \u0219i mototractoarelor cu o putere de 12 CP. cu racire cu apa.<\/p>\n<p><strong>Structura arborelui cotit\u00a0 GZ 195N:<\/strong><\/p>\n<p>\u2022 pivotul principal este suportul arborelui aflat \u00een rulmentul principal situat \u00een carterul motorului;<\/p>\n<p>\u2022 pivotul bielei este suportul prin care arborele este conectat la biele ( exist\u0103 canale de ulei pentru lubrifierea lag\u0103relor bielei);<\/p>\n<p>\u2022 obraji &#8211; conecta\u021bi pivoturile principale \u0219i bielei;<\/p>\n<p>\u2022 partea de ie\u0219ire frontal\u0103 a arborelui (sock) &#8211; partea arborelui pe care roata din\u021bat\u0103 sau puterea- scripetele este montat pentru a antrena mecanismul de distribu\u021bie a gazului (GRM) \u0219i diverse unit\u0103\u021bi, sisteme \u0219i ansambluri auxiliare; partea principal\u0103 a prizei de putere;<\/p>\n<p>\u2022 contragreut\u0103\u021bi &#8211; asigur\u0103 desc\u0103rcarea rulmen\u021bilor principali din for\u021bele de iner\u021bie centrifug\u0103 de ordinul \u00eent\u00e2i a maselor dezechilibrate ale manivelei \u0219i partea inferioar\u0103 a bielei.<\/p>\n<p>-Arborele cotit gol,GZ 195N are lungimea totala 275 mm.<\/p>\n<p>-Diametrul g\u00e2tului pentru biela este de 52 mm.<\/p>\n<p>-Diametrul alezajului pentru rulmen\u021bi este de 55 mm.<\/p>\n<p>-Filet pentru greut\u0103\u021bi de echilibrare &#8211; M12<\/p>\n<p>-Greutatea piesei este de 5100 gr.<\/p>\n<p>-Distan\u021ba de la platforma pentru \u00eenc\u0103rcare p\u00e2n\u0103 la g\u00e2t este de 59 mm.<\/p>","protected":false},"excerpt":{"rendered":"<p>Arborele cotit gol, GZ 195N M12 filet, este un element al motorului unui tractor cu mers pe jos, form\u00e2nd o unitate de piese \u00een cazul unui arbore compozit. Arborele cotit are g\u00e2turi pentru ata\u0219area bielelor, datorit\u0103 c\u0103rora are loc o conversie de la efort la cuplu. Modelul GZ 195N este potrivit pentru motoarele diesel ale&hellip;<\/p>","protected":false},"featured_media":2029,"template":"","meta":[],"product_cat":[64],"product_tag":[],"class_list":{"0":"post-2028","1":"product","2":"type-product","3":"status-publish","4":"has-post-thumbnail","6":"product_cat-piese-auto","8":"first","9":"instock","10":"shipping-taxable","11":"product-type-simple"},"_links":{"self":[{"href":"https:\/\/motovitalex.md\/ru\/wp-json\/wp\/v2\/product\/2028","targetHints":{"allow":["GET"]}}],"collection":[{"href":"https:\/\/motovitalex.md\/ru\/wp-json\/wp\/v2\/product"}],"about":[{"href":"https:\/\/motovitalex.md\/ru\/wp-json\/wp\/v2\/types\/product"}],"version-history":[{"count":1,"href":"https:\/\/motovitalex.md\/ru\/wp-json\/wp\/v2\/product\/2028\/revisions"}],"predecessor-version":[{"id":2030,"href":"https:\/\/motovitalex.md\/ru\/wp-json\/wp\/v2\/product\/2028\/revisions\/2030"}],"wp:featuredmedia":[{"embeddable":true,"href":"https:\/\/motovitalex.md\/ru\/wp-json\/wp\/v2\/media\/2029"}],"wp:attachment":[{"href":"https:\/\/motovitalex.md\/ru\/wp-json\/wp\/v2\/media?parent=2028"}],"wp:term":[{"taxonomy":"product_cat","embeddable":true,"href":"https:\/\/motovitalex.md\/ru\/wp-json\/wp\/v2\/product_cat?post=2028"},{"taxonomy":"product_tag","embeddable":true,"href":"https:\/\/motovitalex.md\/ru\/wp-json\/wp\/v2\/product_tag?post=2028"}],"curies":[{"name":"wp","href":"https:\/\/api.w.org\/{rel}","templated":true}]}}